{"id":896,"date":"2022-03-17T10:53:37","date_gmt":"2022-03-17T03:53:37","guid":{"rendered":"https:\/\/hitekgroup.vn\/?page_id=896"},"modified":"2022-04-15T13:54:28","modified_gmt":"2022-04-15T06:54:28","slug":"quan-he-khach-hang","status":"publish","type":"page","link":"https:\/\/hitekgroup.vn\/ko\/gioi-thieu-tap-doan\/quan-he-khach-hang\/","title":{"rendered":"\uace0\uac1d \uad00\uacc4"},"content":{"rendered":"<div data-elementor-type=\"wp-page\" data-elementor-id=\"896\" class=\"elementor elementor-896\" data-elementor-post-type=\"page\">\n\t\t\t\t\t\t<section class=\"elementor-section elementor-top-section elementor-element elementor-element-f166b18 elementor-section-boxed elementor-section-height-default elementor-section-height-default\" data-id=\"f166b18\" data-element_type=\"section\" data-settings=\"{&quot;jet_parallax_layout_list&quot;:[]}\">\n\t\t\t\t\t\t<div class=\"elementor-container elementor-column-gap-default\">\n\t\t\t\t\t<div class=\"elementor-column elementor-col-100 elementor-top-column elementor-element elementor-element-6c377e4\" data-id=\"6c377e4\" data-element_type=\"column\">\n\t\t\t<div class=\"elementor-widget-wrap elementor-element-populated\">\n\t\t\t\t\t\t<section class=\"elementor-section elementor-inner-section elementor-element elementor-element-9ecc883 elementor-section-boxed elementor-section-height-default elementor-section-height-default\" data-id=\"9ecc883\" data-element_type=\"section\" data-settings=\"{&quot;jet_parallax_layout_list&quot;:[]}\">\n\t\t\t\t\t\t<div class=\"elementor-container elementor-column-gap-default\">\n\t\t\t\t\t<div class=\"elementor-column elementor-col-100 elementor-inner-column elementor-element elementor-element-49fc204\" data-id=\"49fc204\" data-element_type=\"column\">\n\t\t\t<div class=\"elementor-widget-wrap elementor-element-populated\">\n\t\t\t\t\t\t<div class=\"elementor-element elementor-element-49be917 elementor-widget elementor-widget-shortcode\" data-id=\"49be917\" data-element_type=\"widget\" data-widget_type=\"shortcode.default\">\n\t\t\t\t<div class=\"elementor-widget-container\">\n\t\t\t\t\t\t\t<div class=\"elementor-shortcode\"><nav aria-label=\"\ube75\uac00\ub8e8\" class=\"rank-math-breadcrumb\"><p><span class=\"last\"><\/span><\/p><\/nav><\/div>\n\t\t\t\t\t\t<\/div>\n\t\t\t\t<\/div>\n\t\t\t\t<div class=\"elementor-element elementor-element-9194ab3 elementor-widget elementor-widget-heading\" data-id=\"9194ab3\" data-element_type=\"widget\" data-widget_type=\"heading.default\">\n\t\t\t\t<div class=\"elementor-widget-container\">\n\t\t\t\t\t<h2 class=\"elementor-heading-title elementor-size-default\">\uace0\uac1d \uad00\uacc4<\/h2>\t\t\t\t<\/div>\n\t\t\t\t<\/div>\n\t\t\t\t<div class=\"elementor-element elementor-element-01c6e37 elementor-widget elementor-widget-heading\" data-id=\"01c6e37\" data-element_type=\"widget\" data-widget_type=\"heading.default\">\n\t\t\t\t<div class=\"elementor-widget-container\">\n\t\t\t\t\t<h3 class=\"elementor-heading-title elementor-size-default\">\uc0ac\uba85\uacfc \ud589\ub3d9<\/h3>\t\t\t\t<\/div>\n\t\t\t\t<\/div>\n\t\t\t\t<div class=\"elementor-element elementor-element-cb17d46 elementor-widget elementor-widget-text-editor\" data-id=\"cb17d46\" data-element_type=\"widget\" data-widget_type=\"text-editor.default\">\n\t\t\t\t<div class=\"elementor-widget-container\">\n\t\t\t\t\t\t\t\t\t<p>\u201c&quot;\uace0\uac1d \uacbd\ud5d8\uc740 \uc6b0\ub9ac\uc758 \ucd5c\uc6b0\uc120 \uad00\ub9ac \uae30\uc900\uc774\uba70, \uace0\uac1d \ub9cc\uc871\uc774 HITEK \uadf8\ub8f9\uc758 \uc131\uacf5\uc744 \ub9cc\ub4e4\uc5b4\ub0c8\uc2b5\ub2c8\ub2e4.&quot;\u201d<\/p>\t\t\t\t\t\t\t\t<\/div>\n\t\t\t\t<\/div>\n\t\t\t\t<div class=\"elementor-element elementor-element-4556e85 elementor-widget elementor-widget-text-editor\" data-id=\"4556e85\" data-element_type=\"widget\" data-widget_type=\"text-editor.default\">\n\t\t\t\t<div class=\"elementor-widget-container\">\n\t\t\t\t\t\t\t\t\t<p>\uc6b0\ub9ac\ub294 \uac01 \ud504\ub85c\uc81d\ud2b8\uc758 \uc131\uacf5 \uc5ec\ubd80\ub97c \uace0\uac1d\uc758 \uad00\uc810\uc5d0\uc11c \uc870\uc0ac, \ubd84\uc11d, \ud3c9\uac00\ud569\ub2c8\ub2e4. \uc6b0\ub9ac\uac00 \uc81c\uacf5\ud558\ub294 \uc81c\ud488\uc740 \uace0\uac1d\uc744 \uc704\ud55c \uac83\uc774\ubbc0\ub85c \uace0\uac1d\uc758 \uac10\uc815\uc774 \uac00\uc7a5 \uc911\uc694\ud558\uae30 \ub54c\ubb38\uc785\ub2c8\ub2e4.<\/p><p>\ub2e8\uc21c\ud788 \uace0\uac1d\uc758 \uc694\uad6c\uc5d0 \ub9de\ub294 \uc81c\ud488\uc744 \uc81c\uacf5\ud558\ub294 \uac83\uc774 \uc544\ub2c8\ub77c, \uc6b0\ub9ac\uc5d0\uac8c \uc774\ub294 \uace0\uac1d\uc758 \uacbd\ud5d8\uc744 \ub2e4\ub8e8\ub294 \uacfc\uc815\uc785\ub2c8\ub2e4.<\/p><p>\uacbd\ud5d8 \uacfc\uc815\uc5d0\ub294 \uc5ec\ub7ec \ub2e8\uacc4\uac00 \ud3ec\ud568\ub418\uba70, \ud558\uc774\ud14d \uadf8\ub8f9\uc758 \ubaa9\ud45c\ub294 \uace0\uac1d\uc774 \ucd5c\uc885 \uc81c\ud488\ubfd0\ub9cc \uc544\ub2c8\ub77c \ubaa8\ub4e0 \ub2e8\uacc4\uc5d0\uc11c \ub9cc\uc871\uac10\uc744 \ub290\ub07c\ub3c4\ub85d \ub3d5\ub294 \uac83\uc785\ub2c8\ub2e4.<\/p><p>\uc11c\ube44\uc2a4 \uacbd\ud5d8 \uc774\ud6c4\uc758 \uace0\uac1d \uad00\ub9ac \ub610\ud55c \uc800\ud76c\uac00 \ub9e4\uc6b0 \uc911\uc694\ud558\uac8c \uc0dd\uac01\ud558\ub294 \ubd80\ubd84\uc785\ub2c8\ub2e4. \uccab \ubc88\uc9f8 \ud611\ub825 \uc774\ud6c4 \ub2e4\uc2dc \ucc3e\uc544\uc8fc\uc2dc\ub294 \uace0\uac1d\uc744 \uc704\ud55c \uc815\ucc45\uacfc \ud2b9\ubcc4 \uc778\uc13c\ud2f0\ube0c \ud504\ub85c\uadf8\ub7a8\uc744 \ud56d\uc0c1 \uc6b4\uc601\ud558\uace0 \uc788\uc2b5\ub2c8\ub2e4.<\/p>\t\t\t\t\t\t\t\t<\/div>\n\t\t\t\t<\/div>\n\t\t\t\t\t<\/div>\n\t\t<\/div>\n\t\t\t\t\t<\/div>\n\t\t<\/section>\n\t\t\t\t\t<\/div>\n\t\t<\/div>\n\t\t\t\t\t<\/div>\n\t\t<\/section>\n\t\t\t\t<\/div>","protected":false},"excerpt":{"rendered":"<p>Quan h\u1ec7 Kh\u00e1ch h\u00e0ng T\u00f4n ch\u1ec9 v\u00e0 h\u00e0nh \u0111\u1ed9ng \u201c TR\u1ea2I NGHI\u1ec6M C\u1ee6A KH\u00c1CH H\u00c0NG L\u00c0 TI\u00caU CH\u00cd CH\u00daNG T\u00d4I QUAN T\u00c2M H\u00c0NG \u0110\u1ea6U, S\u1ef0 H\u00c0I L\u00d2NG C\u1ee6A H\u1ecc \u0110\u00c3 T\u1ea0O N\u00caN TH\u00c0NH C\u00d4NG CHO HITEK GROUP \u201d Ch\u00fang t\u00f4i nghi\u00ean c\u1ee9u, ph\u00e2n t\u00edch v\u00e0 \u0111\u00e1nh gi\u00e1 th\u00e0nh c\u00f4ng cho m\u1ed7i d\u1ef1 \u00e1n \u0111\u1ec1u \u0111\u1ee9ng [&hellip;]<\/p>","protected":false},"author":1,"featured_media":0,"parent":517,"menu_order":0,"comment_status":"closed","ping_status":"closed","template":"elementor_header_footer","meta":{"site-sidebar-layout":"no-sidebar","site-content-layout":"page-builder","ast-site-content-layout":"default","site-content-style":"default","site-sidebar-style":"default","ast-global-header-display":"","ast-banner-title-visibility":"","ast-main-header-display":"","ast-hfb-above-header-display":"","ast-hfb-below-header-display":"","ast-hfb-mobile-header-display":"","site-post-title":"disabled","ast-breadcrumbs-content":"","ast-featured-img":"disabled","footer-sml-layout":"","theme-transparent-header-meta":"default","adv-header-id-meta":"","stick-header-meta":"default","header-above-stick-meta":"","header-main-stick-meta":"","header-below-stick-meta":"","astra-migrate-meta-layouts":"default","ast-page-background-enabled":"default","ast-page-background-meta":{"desktop":{"background-color":"var(--ast-global-color-4)","background-image":"","background-repeat":"repeat","background-position":"center center","background-size":"auto","background-attachment":"scroll","background-type":"","background-media":"","overlay-type":"","overlay-color":"","overlay-opacity":"","overlay-gradient":""},"tablet":{"background-color":"","background-image":"","background-repeat":"repeat","background-position":"center center","background-size":"auto","background-attachment":"scroll","background-type":"","background-media":"","overlay-type":"","overlay-color":"","overlay-opacity":"","overlay-gradient":""},"mobile":{"background-color":"","background-image":"","background-repeat":"repeat","background-position":"center center","background-size":"auto","background-attachment":"scroll","background-type":"","background-media":"","overlay-type":"","overlay-color":"","overlay-opacity":"","overlay-gradient":""}},"ast-content-background-meta":{"desktop":{"background-color":"var(--ast-global-color-5)","background-image":"","background-repeat":"repeat","background-position":"center center","background-size":"auto","background-attachment":"scroll","background-type":"","background-media":"","overlay-type":"","overlay-color":"","overlay-opacity":"","overlay-gradient":""},"tablet":{"background-color":"var(--ast-global-color-5)","background-image":"","background-repeat":"repeat","background-position":"center center","background-size":"auto","background-attachment":"scroll","background-type":"","background-media":"","overlay-type":"","overlay-color":"","overlay-opacity":"","overlay-gradient":""},"mobile":{"background-color":"var(--ast-global-color-5)","background-image":"","background-repeat":"repeat","background-position":"center center","background-size":"auto","background-attachment":"scroll","background-type":"","background-media":"","overlay-type":"","overlay-color":"","overlay-opacity":"","overlay-gradient":""}},"footnotes":""},"class_list":["post-896","page","type-page","status-publish","hentry"],"_links":{"self":[{"href":"https:\/\/hitekgroup.vn\/ko\/wp-json\/wp\/v2\/pages\/896","targetHints":{"allow":["GET"]}}],"collection":[{"href":"https:\/\/hitekgroup.vn\/ko\/wp-json\/wp\/v2\/pages"}],"about":[{"href":"https:\/\/hitekgroup.vn\/ko\/wp-json\/wp\/v2\/types\/page"}],"author":[{"embeddable":true,"href":"https:\/\/hitekgroup.vn\/ko\/wp-json\/wp\/v2\/users\/1"}],"replies":[{"embeddable":true,"href":"https:\/\/hitekgroup.vn\/ko\/wp-json\/wp\/v2\/comments?post=896"}],"version-history":[{"count":0,"href":"https:\/\/hitekgroup.vn\/ko\/wp-json\/wp\/v2\/pages\/896\/revisions"}],"up":[{"embeddable":true,"href":"https:\/\/hitekgroup.vn\/ko\/wp-json\/wp\/v2\/pages\/517"}],"wp:attachment":[{"href":"https:\/\/hitekgroup.vn\/ko\/wp-json\/wp\/v2\/media?parent=896"}],"curies":[{"name":"wp","href":"https:\/\/api.w.org\/{rel}","templated":true}]}}