{"id":1116,"date":"2022-03-17T15:36:51","date_gmt":"2022-03-17T08:36:51","guid":{"rendered":"https:\/\/hitekgroup.vn\/?page_id=1116"},"modified":"2022-04-15T15:21:12","modified_gmt":"2022-04-15T08:21:12","slug":"chien-luoc-phat-trien","status":"publish","type":"page","link":"https:\/\/hitekgroup.vn\/ko\/phat-trien-ben-vung\/chien-luoc-phat-trien\/","title":{"rendered":"\uac1c\ubc1c \uc804\ub7b5"},"content":{"rendered":"<div data-elementor-type=\"wp-page\" data-elementor-id=\"1116\" class=\"elementor elementor-1116\" data-elementor-post-type=\"page\">\n\t\t\t\t\t\t<section class=\"elementor-section elementor-top-section elementor-element elementor-element-c06e9be elementor-section-boxed elementor-section-height-default elementor-section-height-default\" data-id=\"c06e9be\" data-element_type=\"section\" data-settings=\"{&quot;jet_parallax_layout_list&quot;:[]}\">\n\t\t\t\t\t\t<div class=\"elementor-container elementor-column-gap-default\">\n\t\t\t\t\t<div class=\"elementor-column elementor-col-100 elementor-top-column elementor-element elementor-element-8c98edf\" data-id=\"8c98edf\" data-element_type=\"column\">\n\t\t\t<div class=\"elementor-widget-wrap elementor-element-populated\">\n\t\t\t\t\t\t<section class=\"elementor-section elementor-inner-section elementor-element elementor-element-da8acda elementor-section-boxed elementor-section-height-default elementor-section-height-default\" data-id=\"da8acda\" data-element_type=\"section\" data-settings=\"{&quot;jet_parallax_layout_list&quot;:[]}\">\n\t\t\t\t\t\t<div class=\"elementor-container elementor-column-gap-default\">\n\t\t\t\t\t<div class=\"elementor-column elementor-col-100 elementor-inner-column elementor-element elementor-element-4cbaa6b\" data-id=\"4cbaa6b\" data-element_type=\"column\">\n\t\t\t<div class=\"elementor-widget-wrap elementor-element-populated\">\n\t\t\t\t\t\t<div class=\"elementor-element elementor-element-24dcd11 elementor-widget elementor-widget-shortcode\" data-id=\"24dcd11\" data-element_type=\"widget\" data-widget_type=\"shortcode.default\">\n\t\t\t\t<div class=\"elementor-widget-container\">\n\t\t\t\t\t\t\t<div class=\"elementor-shortcode\"><nav aria-label=\"\ube75\uac00\ub8e8\" class=\"rank-math-breadcrumb\"><p><span class=\"last\"><\/span><\/p><\/nav><\/div>\n\t\t\t\t\t\t<\/div>\n\t\t\t\t<\/div>\n\t\t\t\t<div class=\"elementor-element elementor-element-38652e0 elementor-widget elementor-widget-heading\" data-id=\"38652e0\" data-element_type=\"widget\" data-widget_type=\"heading.default\">\n\t\t\t\t<div class=\"elementor-widget-container\">\n\t\t\t\t\t<h2 class=\"elementor-heading-title elementor-size-default\">\uac1c\ubc1c \uc804\ub7b5<\/h2>\t\t\t\t<\/div>\n\t\t\t\t<\/div>\n\t\t\t\t<div class=\"elementor-element elementor-element-00df56d elementor-widget elementor-widget-image\" data-id=\"00df56d\" data-element_type=\"widget\" data-widget_type=\"image.default\">\n\t\t\t\t<div class=\"elementor-widget-container\">\n\t\t\t\t\t\t\t\t\t\t\t\t\t\t\t<img fetchpriority=\"high\" decoding=\"async\" width=\"1536\" height=\"1024\" src=\"https:\/\/hitekgroup.vn\/wp-content\/uploads\/2022\/04\/chien-luoc-phat-trien-1536x1024.jpg\" class=\"attachment-1536x1536 size-1536x1536 wp-image-2342\" alt=\"\" srcset=\"https:\/\/hitekgroup.vn\/wp-content\/uploads\/2022\/04\/chien-luoc-phat-trien-1536x1024.jpg 1536w, https:\/\/hitekgroup.vn\/wp-content\/uploads\/2022\/04\/chien-luoc-phat-trien-300x200.jpg 300w, https:\/\/hitekgroup.vn\/wp-content\/uploads\/2022\/04\/chien-luoc-phat-trien-1024x683.jpg 1024w, https:\/\/hitekgroup.vn\/wp-content\/uploads\/2022\/04\/chien-luoc-phat-trien-768x512.jpg 768w, https:\/\/hitekgroup.vn\/wp-content\/uploads\/2022\/04\/chien-luoc-phat-trien-2048x1366.jpg 2048w\" sizes=\"(max-width: 1536px) 100vw, 1536px\" \/>\t\t\t\t\t\t\t\t\t\t\t\t\t\t\t<\/div>\n\t\t\t\t<\/div>\n\t\t\t\t<div class=\"elementor-element elementor-element-87a2622 elementor-widget elementor-widget-text-editor\" data-id=\"87a2622\" data-element_type=\"widget\" data-widget_type=\"text-editor.default\">\n\t\t\t\t<div class=\"elementor-widget-container\">\n\t\t\t\t\t\t\t\t\t<p>2017\ub144 - \ud788\ud14d\uc740 5\uba85\uc758 \ucd08\uae30 \uc9c1\uc6d0\uc744 \ud504\ub9ac\ub79c\uc11c\ub85c \ub450\uace0 \uc124\ub9bd \ubc0f \uc6b4\uc601\ub418\uc5c8\uc2b5\ub2c8\ub2e4. \ub2f9\uc2dc \uad6c\uc131\uc6d0\ub4e4\uc740 \ubaa8\ub450 \ud30c\ud2b8\ud0c0\uc784\uc73c\ub85c \ucc38\uc5ec\ud558\uc5ec \uc720\uba85 \uc18c\ud504\ud2b8\uc6e8\uc5b4 \ud68c\uc0ac\uc5d0\uc11c \uac01\uc790\uc758 \uc5c5\ubb34\ub97c \ub2f4\ub2f9\ud588\uc2b5\ub2c8\ub2e4. \ucd08\uae30 \ud504\ub85c\uc81d\ud2b8\ub294 \uc8fc\ub85c \ubca0\ud2b8\ub0a8\uc758 \uac1c\uc778 \uace0\uac1d\uc744 \ub300\uc0c1\uc73c\ub85c \uac1c\ubc1c\ub418\uc5c8\uc2b5\ub2c8\ub2e4.<\/p><p>2018\ub144 - \ud55c\uad6d \ucd5c\ucd08\uc758 \uc18c\ud504\ud2b8\uc6e8\uc5b4 \ud504\ub85c\uc81d\ud2b8 \uc218\uc8fc. \uc774\ub294 \uccab\uac78\uc74c\uc774\uc5c8\uace0, \ud300 \uc804\uccb4\uac00 \ud574\uc678 \uace0\uac1d\uacfc \ud611\ub825\ud560 \ub54c \ud544\uc694\ud55c \uc5ed\ub7c9\uc744 \uac16\ucd94\uae30 \uc704\ud574 \uc0ac\uc5c5 \uc804\ub7b5\uc744 \ud601\uc2e0\ud558\uace0 \ubcc0\ud654\uc2dc\ud0a4\ub3c4\ub85d \ub3d9\uae30\ub97c \ubd80\uc5ec\ud588\uc2b5\ub2c8\ub2e4. \uc774\ub97c \uacc4\uae30\ub85c \ud68c\uc0ac\ub294 \uc7a5\uae30\uc801\uc73c\ub85c \ud574\uc678 \uc2dc\uc7a5\uacfc \ud611\ub825\ud558\uc5ec \ud504\ub85c\uc81d\ud2b8 \uc218\uc775\uc744 \uc99d\ub300\uc2dc\ud0a4\uaca0\ub2e4\ub294 \ubaa9\ud45c\ub97c \uc138\uc6e0\uc2b5\ub2c8\ub2e4. \ub610\ud55c, \uadf8\ub8f9\uc758 \ubaa8\ub4e0 \ud65c\ub3d9 \ub610\ud55c \uc774\ub7ec\ud55c \uc804\ub7b5\uc5d0 \ub530\ub77c \ubcc0\uacbd\ub418\uc5c8\uc2b5\ub2c8\ub2e4. \uc5ec\uae30\uc5d0\ub294 \uc601\uc5b4 \uc18c\ud1b5\uc774 \uac00\ub2a5\ud55c \uc778\ub825\ub9cc \ucc44\uc6a9\ud558\uace0, \ud574\uc678 \uc2dc\uc7a5\uc5d0\uc11c \uc790\uc8fc \uc694\uad6c\ub418\ub294 \uae30\uc220 \uc5f0\uad6c, \ubc95\ub960 \ubc0f \uc804\uc790 \uacc4\uc57d \uad00\ub828 \uc9c0\uc2dd \uc2b5\ub4dd, \ud574\uc678\uc5d0\uc11c \ubca0\ud2b8\ub0a8\uc73c\ub85c \uc790\uae08 \uc774\uccb4 \ub4f1\uc774 \ud3ec\ud568\ub429\ub2c8\ub2e4.<\/p><p>2019\ub144 \u2013 2020\ub144 \u2013 2019\ub144 \ucd08, \ud558\uc774\ud14d\uc758 \ucd1d \uc9c1\uc6d0 \uc218\ub294 \uc815\uaddc\uc9c1 10\uba85\uc73c\ub85c \uc99d\uac00\ud588\uc2b5\ub2c8\ub2e4. \uc0ac\uc5c5\uc790 \ub4f1\ub85d\uc744 \uc2dc\uc791\ud558\uace0 \ub354\uc6b1 \uc804\ubb38\uc801\uc778 \uc0ac\ubb34\uc2e4\ub85c \uc774\uc804\ud588\uc2b5\ub2c8\ub2e4. 2\ub144 \ub3d9\uc548 \ud558\uc774\ud14d\uc758 \ud504\ub85c\uc81d\ud2b8 \uc911 90% \uc774\uc0c1\uc774 \ud55c\uad6d \uc2dc\uc7a5\uc5d0\uc11c \uc774\ub8e8\uc5b4\uc84c\uc2b5\ub2c8\ub2e4. \ud574\uc678 \uc2dc\uc7a5\uc5d0\uc11c \ud558\uc774\ud14d\uc5d0 \ub300\ud55c \uc18c\ud1b5 \ubc29\uc2dd\uc740 \uc810\uc810 \ub354 \uc138\ub828\ub418\uace0 \uc138\uc2ec\ud574\uc9c0\uace0 \uc788\uc2b5\ub2c8\ub2e4. \uace0\uac1d\uc0ac\uc758 \uacc4\uc57d \ud611\uc0c1 \ubc0f \uc1a1\uc7a5 \ubc0f \ubb38\uc11c \ucc98\ub9ac\ub97c \uc6d0\ud65c\ud558\uac8c \ud558\uae30 \uc704\ud574 \ud558\uc774\ud14d\uc740 \uc11c\uc6b8 \uac70\uc8fc \ud55c\uad6d\uc778\uc744 \ub2f4\ub2f9\uc790 \uacb8 \uac70\ub798 \ub2f4\ub2f9\uc790\ub85c \ucc44\uc6a9\ud588\uc2b5\ub2c8\ub2e4.<\/p><p>2021\ub144 ~ \ud604\uc7ac - 2020\ub144\ubd80\ud130 \ud558\uc774\ud14d\uc758 \ud504\ub85c\uc81d\ud2b8\ub294 \ud55c\uad6d\uacfc \ubca0\ud2b8\ub0a8 \uc2dc\uc7a5\uc5d0\ub9cc \uad6d\ud55c\ub418\uc9c0 \uc54a\uc558\uc2b5\ub2c8\ub2e4. \ubbf8\uad6d, \uce90\ub098\ub2e4, \ub3c5\uc77c \ub4f1 \ub2e4\uc591\ud55c \uace0\uac1d\uc0ac\ub85c\ubd80\ud130 \ub354\uc6b1 \ub2e4\uc591\ud55c \uacc4\uc57d\uc744 \uc218\uc8fc\ud558\uae30 \uc2dc\uc791\ud588\uc2b5\ub2c8\ub2e4. 2019~2020\ub144\ucc98\ub7fc \ud55c\uad6d 90% \ud504\ub85c\uc81d\ud2b8\uc5d0 \uc9d1\uc911\ud588\ub358 \uac83\uacfc \ub2ec\ub9ac, \ud504\ub85c\uc81d\ud2b8 \uc218\uc8fc\ucc98\ub97c \ub2e4\uac01\ud654\ud558\ub294 \uac83\uc774 \ubaa9\ud45c\uc785\ub2c8\ub2e4. \uc774\ub97c \ud1b5\ud574 \ud55c\uad6d \uc2dc\uc7a5\uc5d0\uc11c \ubd88\uac00\ud56d\ub825\uc801\uc778 \uc0c1\ud669(\uc608: \ucf54\ub85c\ub09819 \ud32c\ub370\ubbf9) \ubc1c\uc0dd \uc2dc \uc704\ud5d8\uc744 \ucd5c\uc18c\ud654\ud560 \uc218 \uc788\uc2b5\ub2c8\ub2e4. \ud604\uc7ac \ud558\uc774\ud14d\uc740 2021\ub144 \ub9d0\uae4c\uc9c0 30\uba85\uc758 \uc9c1\uc6d0\uc744 \ud655\ubcf4\ud558\uace0, 2022\ub144\uc5d0\ub294 \ucd5c\uc18c 50\uba85\uae4c\uc9c0 \ud655\ub300\ud560 \uacc4\ud68d\uc785\ub2c8\ub2e4.<\/p><p>\ud558\uc774\ud14d \uadf8\ub8f9\uc758 \ube44\uc804\uc740 \uae30\uc220 \uc911\uc2ec\uc758 \ub2e4\uc0b0\uc5c5 \uae30\uc5c5\uc73c\ub85c \ub3c4\uc57d\ud558\ub294 \uac83\uc785\ub2c8\ub2e4. \ub530\ub77c\uc11c 2022\ub144\ubd80\ud130\ub294 \uc18c\ud504\ud2b8\uc6e8\uc5b4 \uc218\ucd9c \uc774\uc678\uc758 \ubd84\uc57c\ub97c \ub2f4\ub2f9\ud558\ub294 \uc790\ud68c\uc0ac \uc124\ub9bd\uc744 \ubaa9\ud45c\ub85c \ud558\uace0 \uc788\uc2b5\ub2c8\ub2e4.<\/p>\t\t\t\t\t\t\t\t<\/div>\n\t\t\t\t<\/div>\n\t\t\t\t\t<\/div>\n\t\t<\/div>\n\t\t\t\t\t<\/div>\n\t\t<\/section>\n\t\t\t\t\t<\/div>\n\t\t<\/div>\n\t\t\t\t\t<\/div>\n\t\t<\/section>\n\t\t\t\t<\/div>","protected":false},"excerpt":{"rendered":"<p>CHI\u1ebeN L\u01af\u1ee2C PH\u00c1T TRI\u1ec2N 2017 &#8211; Hitek \u0111\u01b0\u1ee3c th\u00e0nh l\u1eadp v\u00e0 v\u1eadn h\u00e0nh b\u1edfi 5 nh\u00e2n s\u1ef1 \u0111\u1ea7u ti\u00ean theo h\u00ecnh th\u1ee9c freelancer (l\u00e0m vi\u1ec7c t\u1ef1 do). \u1ede th\u1eddi \u0111i\u1ec3m n\u00e0y, c\u00e1c th\u00e0nh vi\u00ean \u0111\u1ec1u tham gia part-time v\u00e0 c\u00f3 c\u00e1c c\u00f4ng vi\u1ec7c ri\u00eang t\u1ea1i c\u00e1c c\u00f4ng ty ph\u1ea7n m\u1ec1m n\u1ed5i danh. C\u00e1c d\u1ef1 \u00e1n [&hellip;]<\/p>","protected":false},"author":1,"featured_media":0,"parent":1077,"menu_order":0,"comment_status":"closed","ping_status":"closed","template":"elementor_header_footer","meta":{"site-sidebar-layout":"no-sidebar","site-content-layout":"page-builder","ast-site-content-layout":"default","site-content-style":"default","site-sidebar-style":"default","ast-global-header-display":"","ast-banner-title-visibility":"","ast-main-header-display":"","ast-hfb-above-header-display":"","ast-hfb-below-header-display":"","ast-hfb-mobile-header-display":"","site-post-title":"disabled","ast-breadcrumbs-content":"","ast-featured-img":"disabled","footer-sml-layout":"","theme-transparent-header-meta":"default","adv-header-id-meta":"","stick-header-meta":"default","header-above-stick-meta":"","header-main-stick-meta":"","header-below-stick-meta":"","astra-migrate-meta-layouts":"default","ast-page-background-enabled":"default","ast-page-background-meta":{"desktop":{"background-color":"var(--ast-global-color-4)","background-image":"","background-repeat":"repeat","background-position":"center center","background-size":"auto","background-attachment":"scroll","background-type":"","background-media":"","overlay-type":"","overlay-color":"","overlay-opacity":"","overlay-gradient":""},"tablet":{"background-color":"","background-image":"","background-repeat":"repeat","background-position":"center center","background-size":"auto","background-attachment":"scroll","background-type":"","background-media":"","overlay-type":"","overlay-color":"","overlay-opacity":"","overlay-gradient":""},"mobile":{"background-color":"","background-image":"","background-repeat":"repeat","background-position":"center center","background-size":"auto","background-attachment":"scroll","background-type":"","background-media":"","overlay-type":"","overlay-color":"","overlay-opacity":"","overlay-gradient":""}},"ast-content-background-meta":{"desktop":{"background-color":"var(--ast-global-color-5)","background-image":"","background-repeat":"repeat","background-position":"center center","background-size":"auto","background-attachment":"scroll","background-type":"","background-media":"","overlay-type":"","overlay-color":"","overlay-opacity":"","overlay-gradient":""},"tablet":{"background-color":"var(--ast-global-color-5)","background-image":"","background-repeat":"repeat","background-position":"center center","background-size":"auto","background-attachment":"scroll","background-type":"","background-media":"","overlay-type":"","overlay-color":"","overlay-opacity":"","overlay-gradient":""},"mobile":{"background-color":"var(--ast-global-color-5)","background-image":"","background-repeat":"repeat","background-position":"center center","background-size":"auto","background-attachment":"scroll","background-type":"","background-media":"","overlay-type":"","overlay-color":"","overlay-opacity":"","overlay-gradient":""}},"footnotes":""},"class_list":["post-1116","page","type-page","status-publish","hentry"],"_links":{"self":[{"href":"https:\/\/hitekgroup.vn\/ko\/wp-json\/wp\/v2\/pages\/1116","targetHints":{"allow":["GET"]}}],"collection":[{"href":"https:\/\/hitekgroup.vn\/ko\/wp-json\/wp\/v2\/pages"}],"about":[{"href":"https:\/\/hitekgroup.vn\/ko\/wp-json\/wp\/v2\/types\/page"}],"author":[{"embeddable":true,"href":"https:\/\/hitekgroup.vn\/ko\/wp-json\/wp\/v2\/users\/1"}],"replies":[{"embeddable":true,"href":"https:\/\/hitekgroup.vn\/ko\/wp-json\/wp\/v2\/comments?post=1116"}],"version-history":[{"count":0,"href":"https:\/\/hitekgroup.vn\/ko\/wp-json\/wp\/v2\/pages\/1116\/revisions"}],"up":[{"embeddable":true,"href":"https:\/\/hitekgroup.vn\/ko\/wp-json\/wp\/v2\/pages\/1077"}],"wp:attachment":[{"href":"https:\/\/hitekgroup.vn\/ko\/wp-json\/wp\/v2\/media?parent=1116"}],"curies":[{"name":"wp","href":"https:\/\/api.w.org\/{rel}","templated":true}]}}