{"id":1109,"date":"2022-03-17T15:34:45","date_gmt":"2022-03-17T08:34:45","guid":{"rendered":"https:\/\/hitekgroup.vn\/?page_id=1109"},"modified":"2022-04-15T14:34:52","modified_gmt":"2022-04-15T07:34:52","slug":"van-hoa-doanh-nghiep","status":"publish","type":"page","link":"https:\/\/hitekgroup.vn\/ko\/phat-trien-ben-vung\/van-hoa-doanh-nghiep\/","title":{"rendered":"\uae30\uc5c5 \ubb38\ud654"},"content":{"rendered":"<div data-elementor-type=\"wp-page\" data-elementor-id=\"1109\" class=\"elementor elementor-1109\" data-elementor-post-type=\"page\">\n\t\t\t\t\t\t<section class=\"elementor-section elementor-top-section elementor-element elementor-element-5f01029 elementor-section-boxed elementor-section-height-default elementor-section-height-default\" data-id=\"5f01029\" data-element_type=\"section\" data-settings=\"{&quot;jet_parallax_layout_list&quot;:[]}\">\n\t\t\t\t\t\t<div class=\"elementor-container elementor-column-gap-default\">\n\t\t\t\t\t<div class=\"elementor-column elementor-col-100 elementor-top-column elementor-element elementor-element-552beae\" data-id=\"552beae\" data-element_type=\"column\">\n\t\t\t<div class=\"elementor-widget-wrap elementor-element-populated\">\n\t\t\t\t\t\t<section class=\"elementor-section elementor-inner-section elementor-element elementor-element-ce1616a elementor-section-boxed elementor-section-height-default elementor-section-height-default\" data-id=\"ce1616a\" data-element_type=\"section\" data-settings=\"{&quot;jet_parallax_layout_list&quot;:[]}\">\n\t\t\t\t\t\t<div class=\"elementor-container elementor-column-gap-default\">\n\t\t\t\t\t<div class=\"elementor-column elementor-col-100 elementor-inner-column elementor-element elementor-element-8936068\" data-id=\"8936068\" data-element_type=\"column\">\n\t\t\t<div class=\"elementor-widget-wrap elementor-element-populated\">\n\t\t\t\t\t\t<div class=\"elementor-element elementor-element-6a5d29e elementor-widget elementor-widget-shortcode\" data-id=\"6a5d29e\" data-element_type=\"widget\" data-widget_type=\"shortcode.default\">\n\t\t\t\t<div class=\"elementor-widget-container\">\n\t\t\t\t\t\t\t<div class=\"elementor-shortcode\"><nav aria-label=\"\ube75\uac00\ub8e8\" class=\"rank-math-breadcrumb\"><p><span class=\"last\"><\/span><\/p><\/nav><\/div>\n\t\t\t\t\t\t<\/div>\n\t\t\t\t<\/div>\n\t\t\t\t<div class=\"elementor-element elementor-element-2be5dae elementor-widget elementor-widget-heading\" data-id=\"2be5dae\" data-element_type=\"widget\" data-widget_type=\"heading.default\">\n\t\t\t\t<div class=\"elementor-widget-container\">\n\t\t\t\t\t<h2 class=\"elementor-heading-title elementor-size-default\">\uae30\uc5c5 \ubb38\ud654<\/h2>\t\t\t\t<\/div>\n\t\t\t\t<\/div>\n\t\t\t\t<div class=\"elementor-element elementor-element-eb690c7 elementor-widget elementor-widget-image\" data-id=\"eb690c7\" data-element_type=\"widget\" data-widget_type=\"image.default\">\n\t\t\t\t<div class=\"elementor-widget-container\">\n\t\t\t\t\t\t\t\t\t\t\t\t\t\t\t<img fetchpriority=\"high\" decoding=\"async\" width=\"1536\" height=\"1024\" src=\"https:\/\/hitekgroup.vn\/wp-content\/uploads\/2022\/04\/IMG_5446-1536x1024.jpg\" class=\"attachment-1536x1536 size-1536x1536 wp-image-2330\" alt=\"\" srcset=\"https:\/\/hitekgroup.vn\/wp-content\/uploads\/2022\/04\/IMG_5446-1536x1024.jpg 1536w, https:\/\/hitekgroup.vn\/wp-content\/uploads\/2022\/04\/IMG_5446-300x200.jpg 300w, https:\/\/hitekgroup.vn\/wp-content\/uploads\/2022\/04\/IMG_5446-1024x683.jpg 1024w, https:\/\/hitekgroup.vn\/wp-content\/uploads\/2022\/04\/IMG_5446-768x512.jpg 768w, https:\/\/hitekgroup.vn\/wp-content\/uploads\/2022\/04\/IMG_5446-2048x1365.jpg 2048w\" sizes=\"(max-width: 1536px) 100vw, 1536px\" \/>\t\t\t\t\t\t\t\t\t\t\t\t\t\t\t<\/div>\n\t\t\t\t<\/div>\n\t\t\t\t<div class=\"elementor-element elementor-element-3984ca7 elementor-widget elementor-widget-text-editor\" data-id=\"3984ca7\" data-element_type=\"widget\" data-widget_type=\"text-editor.default\">\n\t\t\t\t<div class=\"elementor-widget-container\">\n\t\t\t\t\t\t\t\t\t<p>\ud558\uc774\ud14d \uadf8\ub8f9\uc740 \uc80a\uace0, \ucc3d\uc758\uc801\uc774\uba70, \uc5f4\uc815\uc801\uc778 \uc778\ub825\uc744 \ubcf4\uc720\ud558\uace0 \uc788\uae30 \ub54c\ubb38\uc5d0, \uc6b0\ub9ac\ub294 \ud56d\uc0c1 \ubaa8\ub4e0 \uad6c\uc131\uc6d0\uc774 &quot;\uc0ac\ubb34\uc2e4\uc774 \ub450 \ubc88\uc9f8 \uc9d1\uacfc \uac19\ub2e4&quot;\uace0 \ub290\ub084 \uc218 \uc788\ub3c4\ub85d \ud3b8\uc548\ud55c \uc5c5\ubb34 \ud658\uacbd\uc744 \uc870\uc131\ud558\ub824\uace0 \ub178\ub825\ud569\ub2c8\ub2e4.<\/p><p>\ud558\uc774\ud14d \uadf8\ub8f9\uc740 \uc9c1\uc6d0\ub4e4\uc744 \uc5c4\uaca9\ud55c \ud2c0\uc5d0 \uac07\ud788\uc9c0 \uc54a\uace0, \uac01 \uad6c\uc131\uc6d0\uc774 \uc790\uc2e0\uacfc \uc5c5\ubb34\uc5d0 \ub354\uc6b1 \ucc45\uc784\uac10\uc744 \uac16\ub3c4\ub85d \ub3d5\ub294 \ubc29\uc2dd\uc785\ub2c8\ub2e4. \ubaa8\ub4e0 \uc9c1\uc6d0\uc774 \uc790\uc2e0\uc758 \uc2dc\uac04\uc744 \ud6a8\uacfc\uc801\uc73c\ub85c \uad00\ub9ac\ud558\ub294 \ubc29\ubc95\uc744 \ubc30\uc6b0\ub294 \uac83\uc774 \ud558\uc774\ud14d\uc774 \ud56d\uc0c1 \ucd94\uad6c\ud558\ub294 \ubaa9\ud45c\uc785\ub2c8\ub2e4.<\/p><p>\ucc3d\uc758\uc131\uc5d0\ub294 \uacbd\uacc4\uac00 \uc5c6\uc2b5\ub2c8\ub2e4. \uadf8\ub807\uae30 \ub54c\ubb38\uc5d0 \uc6b0\ub9ac\ub294 \ud56d\uc0c1 \ud68c\uc6d0\ub4e4\uc774 \uc5c5\ubb34\uc5d0\uc11c \ucc3d\uc758\uc131\uc744 \uc790\uc720\ub86d\uac8c \ubc1c\ud718\ud560 \uc218 \uc788\uae30\ub97c \ubc14\ub78d\ub2c8\ub2e4.<\/p><p>\uc800\ud76c\ub294 \ub204\uad6c\ubcf4\ub2e4\ub3c4 \uc791\uc5c5 \ud658\uacbd\uc774 \uac01 \ud504\ub85c\uc81d\ud2b8\uc758 \uacb0\uacfc\uc5d0 \ud070 \uc601\ud5a5\uc744 \ubbf8\uce5c\ub2e4\ub294 \uac83\uc744 \uc798 \uc54c\uace0 \uc788\uc2b5\ub2c8\ub2e4. \ud3b8\uc548\ud55c \uc791\uc5c5 \ud658\uacbd\uc740 \uc0dd\uc0b0\uc131 \ud5a5\uc0c1\uc5d0 \ub3c4\uc6c0\uc774 \ub418\uc5b4 \uac01 \ud504\ub85c\uc81d\ud2b8\uc758 \ud655\uc2e4\ud55c \uc131\uacf5\uc744 \uac00\uc838\ub2e4\uc90d\ub2c8\ub2e4.<\/p><p>\uc9c0\uc2dd\uc740 \ubb34\ud55c\ud569\ub2c8\ub2e4. \uad6c\uc131\uc6d0\ub4e4\uc774 \ub354\uc6b1 \uc720\uc6a9\ud55c \uc815\ubcf4\ub97c \uc5c5\ub370\uc774\ud2b8\ud558\ub3c4\ub85d \uc7a5\ub824\ud558\uae30 \uc704\ud574, \ud558\uc774\ud14d \uadf8\ub8f9\uc740 \uae30\uc874 \uc9c1\uc6d0\ub4e4\uc774 \uc0c8\ub85c\uc6b4 \uc9c0\uc2dd\uc744 \ub354\uc6b1 \ud655\uc7a5\ud560 \uc218 \uc788\ub294 \uae30\ud68c\ub97c \uc81c\uacf5\ud558\ub294 \ud658\uacbd\uc744 \ud56d\uc0c1 \uc870\uc131\ud569\ub2c8\ub2e4. \ub610\ud55c, \uacbd\ud5d8\uc774 \ubd80\uc871\ud558\ub354\ub77c\ub3c4 \ubc30\uc6b0\uace0\uc790 \ud558\ub294 \uc5f4\uc815\uacfc \uc0c8\ub85c\uc6b4 \uac83\uc744 \ud0d0\uad6c\ud558\ub294 \ub370 \uc5f4\uc815\uc801\uc778 \uc2e0\uc785 \uad6c\uc131\uc6d0\ub4e4\uc744 \ud56d\uc0c1 \uad50\uc721\ud558\uace0 \uc788\uc2b5\ub2c8\ub2e4.<\/p>\t\t\t\t\t\t\t\t<\/div>\n\t\t\t\t<\/div>\n\t\t\t\t\t<\/div>\n\t\t<\/div>\n\t\t\t\t\t<\/div>\n\t\t<\/section>\n\t\t\t\t\t<\/div>\n\t\t<\/div>\n\t\t\t\t\t<\/div>\n\t\t<\/section>\n\t\t\t\t<\/div>","protected":false},"excerpt":{"rendered":"<p>V\u0102N H\u00d3A DOANH NGHI\u1ec6P Hitek Group s\u1edf h\u1eefu ngu\u1ed3n nh\u00e2n l\u1ef1c tr\u1ebb, \u0111\u1ea7y s\u00e1ng t\u1ea1o, nhi\u1ec7t huy\u1ebft, c\u0169ng ch\u00ednh v\u00ec v\u1eady ch\u00fang t\u00f4i lu\u00f4n c\u1ed1 g\u1eafng mang \u0111\u1ebfn m\u1ed9t m\u00f4i tr\u01b0\u1eddng l\u00e0m vi\u1ec7c th\u1eadt tho\u1ea3i m\u00e1i \u0111\u1ec3 m\u1ed7i th\u00e0nh vi\u00ean \u0111\u1ec1u c\u1ea3m th\u1ea5y \u201cv\u0103n ph\u00f2ng l\u00e0m vi\u1ec7c nh\u01b0 ng\u00f4i nh\u00e0 th\u1ee9 hai c\u1ee7a m\u00ecnh. Kh\u00f4ng [&hellip;]<\/p>","protected":false},"author":1,"featured_media":0,"parent":1077,"menu_order":0,"comment_status":"closed","ping_status":"closed","template":"elementor_header_footer","meta":{"site-sidebar-layout":"no-sidebar","site-content-layout":"page-builder","ast-site-content-layout":"default","site-content-style":"default","site-sidebar-style":"default","ast-global-header-display":"","ast-banner-title-visibility":"","ast-main-header-display":"","ast-hfb-above-header-display":"","ast-hfb-below-header-display":"","ast-hfb-mobile-header-display":"","site-post-title":"disabled","ast-breadcrumbs-content":"","ast-featured-img":"disabled","footer-sml-layout":"","theme-transparent-header-meta":"default","adv-header-id-meta":"","stick-header-meta":"default","header-above-stick-meta":"","header-main-stick-meta":"","header-below-stick-meta":"","astra-migrate-meta-layouts":"default","ast-page-background-enabled":"default","ast-page-background-meta":{"desktop":{"background-color":"var(--ast-global-color-4)","background-image":"","background-repeat":"repeat","background-position":"center center","background-size":"auto","background-attachment":"scroll","background-type":"","background-media":"","overlay-type":"","overlay-color":"","overlay-opacity":"","overlay-gradient":""},"tablet":{"background-color":"","background-image":"","background-repeat":"repeat","background-position":"center center","background-size":"auto","background-attachment":"scroll","background-type":"","background-media":"","overlay-type":"","overlay-color":"","overlay-opacity":"","overlay-gradient":""},"mobile":{"background-color":"","background-image":"","background-repeat":"repeat","background-position":"center center","background-size":"auto","background-attachment":"scroll","background-type":"","background-media":"","overlay-type":"","overlay-color":"","overlay-opacity":"","overlay-gradient":""}},"ast-content-background-meta":{"desktop":{"background-color":"var(--ast-global-color-5)","background-image":"","background-repeat":"repeat","background-position":"center center","background-size":"auto","background-attachment":"scroll","background-type":"","background-media":"","overlay-type":"","overlay-color":"","overlay-opacity":"","overlay-gradient":""},"tablet":{"background-color":"var(--ast-global-color-5)","background-image":"","background-repeat":"repeat","background-position":"center center","background-size":"auto","background-attachment":"scroll","background-type":"","background-media":"","overlay-type":"","overlay-color":"","overlay-opacity":"","overlay-gradient":""},"mobile":{"background-color":"var(--ast-global-color-5)","background-image":"","background-repeat":"repeat","background-position":"center center","background-size":"auto","background-attachment":"scroll","background-type":"","background-media":"","overlay-type":"","overlay-color":"","overlay-opacity":"","overlay-gradient":""}},"footnotes":""},"class_list":["post-1109","page","type-page","status-publish","hentry"],"_links":{"self":[{"href":"https:\/\/hitekgroup.vn\/ko\/wp-json\/wp\/v2\/pages\/1109","targetHints":{"allow":["GET"]}}],"collection":[{"href":"https:\/\/hitekgroup.vn\/ko\/wp-json\/wp\/v2\/pages"}],"about":[{"href":"https:\/\/hitekgroup.vn\/ko\/wp-json\/wp\/v2\/types\/page"}],"author":[{"embeddable":true,"href":"https:\/\/hitekgroup.vn\/ko\/wp-json\/wp\/v2\/users\/1"}],"replies":[{"embeddable":true,"href":"https:\/\/hitekgroup.vn\/ko\/wp-json\/wp\/v2\/comments?post=1109"}],"version-history":[{"count":0,"href":"https:\/\/hitekgroup.vn\/ko\/wp-json\/wp\/v2\/pages\/1109\/revisions"}],"up":[{"embeddable":true,"href":"https:\/\/hitekgroup.vn\/ko\/wp-json\/wp\/v2\/pages\/1077"}],"wp:attachment":[{"href":"https:\/\/hitekgroup.vn\/ko\/wp-json\/wp\/v2\/media?parent=1109"}],"curies":[{"name":"wp","href":"https:\/\/api.w.org\/{rel}","templated":true}]}}