{"id":1077,"date":"2022-03-17T15:26:27","date_gmt":"2022-03-17T08:26:27","guid":{"rendered":"https:\/\/hitekgroup.vn\/?page_id=1077"},"modified":"2025-07-03T17:49:07","modified_gmt":"2025-07-03T10:49:07","slug":"phat-trien-ben-vung","status":"publish","type":"page","link":"https:\/\/hitekgroup.vn\/ko\/phat-trien-ben-vung\/","title":{"rendered":"\uc9c0\uc18d \uac00\ub2a5\ud55c \uac1c\ubc1c"},"content":{"rendered":"<div data-elementor-type=\"wp-page\" data-elementor-id=\"1077\" class=\"elementor elementor-1077\" data-elementor-post-type=\"page\">\n\t\t\t\t\t\t<section class=\"elementor-section elementor-top-section elementor-element elementor-element-36bac6e elementor-section-boxed elementor-section-height-default elementor-section-height-default\" data-id=\"36bac6e\" data-element_type=\"section\" data-settings=\"{&quot;jet_parallax_layout_list&quot;:[]}\">\n\t\t\t\t\t\t<div class=\"elementor-container elementor-column-gap-default\">\n\t\t\t\t\t<div class=\"elementor-column elementor-col-100 elementor-top-column elementor-element elementor-element-d38235e\" data-id=\"d38235e\" data-element_type=\"column\">\n\t\t\t<div class=\"elementor-widget-wrap elementor-element-populated\">\n\t\t\t\t\t\t<section class=\"elementor-section elementor-inner-section elementor-element elementor-element-011a31c elementor-section-boxed elementor-section-height-default elementor-section-height-default\" data-id=\"011a31c\" data-element_type=\"section\" data-settings=\"{&quot;jet_parallax_layout_list&quot;:[]}\">\n\t\t\t\t\t\t<div class=\"elementor-container elementor-column-gap-default\">\n\t\t\t\t\t<div class=\"elementor-column elementor-col-100 elementor-inner-column elementor-element elementor-element-3b72db5\" data-id=\"3b72db5\" data-element_type=\"column\">\n\t\t\t<div class=\"elementor-widget-wrap elementor-element-populated\">\n\t\t\t\t\t\t<div class=\"elementor-element elementor-element-609c6c4 elementor-widget elementor-widget-shortcode\" data-id=\"609c6c4\" data-element_type=\"widget\" data-widget_type=\"shortcode.default\">\n\t\t\t\t<div class=\"elementor-widget-container\">\n\t\t\t\t\t\t\t<div class=\"elementor-shortcode\"><nav aria-label=\"\ube75\uac00\ub8e8\" class=\"rank-math-breadcrumb\"><p><span class=\"last\"><\/span><\/p><\/nav><\/div>\n\t\t\t\t\t\t<\/div>\n\t\t\t\t<\/div>\n\t\t\t\t<div class=\"elementor-element elementor-element-bc386ed elementor-widget elementor-widget-image\" data-id=\"bc386ed\" data-element_type=\"widget\" data-widget_type=\"image.default\">\n\t\t\t\t<div class=\"elementor-widget-container\">\n\t\t\t\t\t\t\t\t\t\t\t\t\t\t\t<img fetchpriority=\"high\" decoding=\"async\" width=\"1916\" height=\"1081\" src=\"https:\/\/hitekgroup.vn\/wp-content\/uploads\/2022\/03\/vphitek.png\" class=\"attachment-full size-full wp-image-551\" alt=\"\" srcset=\"https:\/\/hitekgroup.vn\/wp-content\/uploads\/2022\/03\/vphitek.png 1916w, https:\/\/hitekgroup.vn\/wp-content\/uploads\/2022\/03\/vphitek-300x169.png 300w, https:\/\/hitekgroup.vn\/wp-content\/uploads\/2022\/03\/vphitek-1024x578.png 1024w, https:\/\/hitekgroup.vn\/wp-content\/uploads\/2022\/03\/vphitek-768x433.png 768w, https:\/\/hitekgroup.vn\/wp-content\/uploads\/2022\/03\/vphitek-1536x867.png 1536w\" sizes=\"(max-width: 1916px) 100vw, 1916px\" \/>\t\t\t\t\t\t\t\t\t\t\t\t\t\t\t<\/div>\n\t\t\t\t<\/div>\n\t\t\t\t<div class=\"elementor-element elementor-element-5bf3b34 css_tilte_color elementor-widget elementor-widget-heading\" data-id=\"5bf3b34\" data-element_type=\"widget\" data-widget_type=\"heading.default\">\n\t\t\t\t<div class=\"elementor-widget-container\">\n\t\t\t\t\t<h2 class=\"elementor-heading-title elementor-size-default\">\uc695\uad6c<br><span> \uc5b5\ub204\ub974\ub2e4<\/span><\/h2>\t\t\t\t<\/div>\n\t\t\t\t<\/div>\n\t\t\t\t<div class=\"elementor-element elementor-element-8fe2826 elementor-widget elementor-widget-text-editor\" data-id=\"8fe2826\" data-element_type=\"widget\" data-widget_type=\"text-editor.default\">\n\t\t\t\t<div class=\"elementor-widget-container\">\n\t\t\t\t\t\t\t\t\t<p>\ud788\ud14d \uadf8\ub8f9\uc740 &quot;\ubca0\ud2b8\ub0a8 \uae30\uc220 \uc0b0\uc5c5\uc758 \ud2b8\ub80c\ub4dc\ub97c \uc120\ub3c4\ud55c\ub2e4&quot;\ub294 \uc0ac\uba85\uc73c\ub85c \uc124\ub9bd\ub418\uc5c8\uc73c\uba70, \uae30\uc220, \uc11c\ube44\uc2a4, \uc2dc\ubc94 \uc6b4\uc601, \ud22c\uc790\ub77c\ub294 4\uac00\uc9c0 \uc8fc\uc694 \ubd84\uc57c\ub97c \uc911\uc2ec\uc73c\ub85c \uc6b4\uc601\ub429\ub2c8\ub2e4.\u00a0<\/p>\t\t\t\t\t\t\t\t<\/div>\n\t\t\t\t<\/div>\n\t\t\t\t\t<\/div>\n\t\t<\/div>\n\t\t\t\t\t<\/div>\n\t\t<\/section>\n\t\t\t\t\t<\/div>\n\t\t<\/div>\n\t\t\t\t\t<\/div>\n\t\t<\/section>\n\t\t\t\t<section class=\"elementor-section elementor-top-section elementor-element elementor-element-43d53c7 elementor-section-boxed elementor-section-height-default elementor-section-height-default\" data-id=\"43d53c7\" data-element_type=\"section\" data-settings=\"{&quot;jet_parallax_layout_list&quot;:[],&quot;background_background&quot;:&quot;classic&quot;}\">\n\t\t\t\t\t\t<div class=\"elementor-container elementor-column-gap-default\">\n\t\t\t\t\t<div class=\"elementor-column elementor-col-100 elementor-top-column elementor-element elementor-element-60e5552\" data-id=\"60e5552\" data-element_type=\"column\">\n\t\t\t<div class=\"elementor-widget-wrap elementor-element-populated\">\n\t\t\t\t\t\t<section class=\"elementor-section elementor-inner-section elementor-element elementor-element-65fafe3 elementor-section-boxed elementor-section-height-default elementor-section-height-default\" data-id=\"65fafe3\" data-element_type=\"section\" data-settings=\"{&quot;jet_parallax_layout_list&quot;:[]}\">\n\t\t\t\t\t\t<div class=\"elementor-container elementor-column-gap-default\">\n\t\t\t\t\t<div class=\"elementor-column elementor-col-33 elementor-inner-column elementor-element elementor-element-b823534 css_item_gt\" data-id=\"b823534\" data-element_type=\"column\" data-settings=\"{&quot;background_background&quot;:&quot;classic&quot;}\">\n\t\t\t<div class=\"elementor-widget-wrap elementor-element-populated\">\n\t\t\t\t\t\t<div class=\"elementor-element elementor-element-65a4efc css_title_gt elementor-widget elementor-widget-heading\" data-id=\"65a4efc\" data-element_type=\"widget\" data-widget_type=\"heading.default\">\n\t\t\t\t<div class=\"elementor-widget-container\">\n\t\t\t\t\t<h3 class=\"elementor-heading-title elementor-size-default\">\ubb38\ud654 <br>   \uc0ac\uc5c5<\/h3>\t\t\t\t<\/div>\n\t\t\t\t<\/div>\n\t\t\t\t<div class=\"elementor-element elementor-element-5586dac css_content_gt elementor-widget elementor-widget-text-editor\" data-id=\"5586dac\" data-element_type=\"widget\" data-widget_type=\"text-editor.default\">\n\t\t\t\t<div class=\"elementor-widget-container\">\n\t\t\t\t\t\t\t\t\t<p>\ud558\uc774\ud14d \uadf8\ub8f9\uc740 \uc80a\uace0, \ucc3d\uc758\uc801\uc774\uba70, \uc5f4\uc815\uc801\uc778 \uc778\ub825\uc744 \ubcf4\uc720\ud558\uace0 \uc788\uae30 \ub54c\ubb38\uc5d0, \uc6b0\ub9ac\ub294 \ud56d\uc0c1 \ubaa8\ub4e0 \uad6c\uc131\uc6d0\uc774 &quot;\uc0ac\ubb34\uc2e4\uc774 \ub450 \ubc88\uc9f8 \uc9d1\uacfc \uac19\ub2e4&quot;\uace0 \ub290\ub084 \uc218 \uc788\ub3c4\ub85d \ud3b8\uc548\ud55c \uc5c5\ubb34 \ud658\uacbd\uc744 \uc870\uc131\ud558\ub824\uace0 \ub178\ub825\ud569\ub2c8\ub2e4. <\/p>\t\t\t\t\t\t\t\t<\/div>\n\t\t\t\t<\/div>\n\t\t\t\t<div class=\"elementor-element elementor-element-d9c6f8c css_hover_nut elementor-widget elementor-widget-button\" data-id=\"d9c6f8c\" data-element_type=\"widget\" data-widget_type=\"button.default\">\n\t\t\t\t<div class=\"elementor-widget-container\">\n\t\t\t\t\t\t\t\t\t<div class=\"elementor-button-wrapper\">\n\t\t\t\t\t<a class=\"elementor-button elementor-button-link elementor-size-sm\" href=\"https:\/\/hitekgroup.vn\/ko\/phat-trien-ben-vung\/van-hoa-doanh-nghiep\/\">\n\t\t\t\t\t\t<span class=\"elementor-button-content-wrapper\">\n\t\t\t\t\t\t<span class=\"elementor-button-icon\">\n\t\t\t\t<svg xmlns=\"http:\/\/www.w3.org\/2000\/svg\" xmlns:xlink=\"http:\/\/www.w3.org\/1999\/xlink\" id=\"Layer_1\" x=\"0px\" y=\"0px\" viewbox=\"0 0 330 330\" style=\"enable-background:new 0 0 330 330;\" xml:space=\"preserve\"><path id=\"XMLID_27_\" d=\"M15,180h263.787l-49.394,49.394c-5.858,5.857-5.858,15.355,0,21.213C232.322,253.535,236.161,255,240,255 s7.678-1.465,10.606-4.394l75-75c5.858-5.857,5.858-15.355,0-21.213l-75-75c-5.857-5.857-15.355-5.857-21.213,0 c-5.858,5.857-5.858,15.355,0,21.213L278.787,150H15c-8.284,0-15,6.716-15,15S6.716,180,15,180z\"><\/path><g><\/g><g><\/g><g><\/g><g><\/g><g><\/g><g><\/g><g><\/g><g><\/g><g><\/g><g><\/g><g><\/g><g><\/g><g><\/g><g><\/g><g><\/g><\/svg>\t\t\t<\/span>\n\t\t\t\t\t\t\t\t\t<span class=\"elementor-button-text\">\ubaa8\ub450 \ubcf4\uae30<\/span>\n\t\t\t\t\t<\/span>\n\t\t\t\t\t<\/a>\n\t\t\t\t<\/div>\n\t\t\t\t\t\t\t\t<\/div>\n\t\t\t\t<\/div>\n\t\t\t\t\t<\/div>\n\t\t<\/div>\n\t\t\t\t<div class=\"elementor-column elementor-col-33 elementor-inner-column elementor-element elementor-element-e49434e css_item_gt\" data-id=\"e49434e\" data-element_type=\"column\" data-settings=\"{&quot;background_background&quot;:&quot;classic&quot;}\">\n\t\t\t<div class=\"elementor-widget-wrap elementor-element-populated\">\n\t\t\t\t\t\t<div class=\"elementor-element elementor-element-6c2ab2b css_title_gt elementor-widget elementor-widget-heading\" data-id=\"6c2ab2b\" data-element_type=\"widget\" data-widget_type=\"heading.default\">\n\t\t\t\t<div class=\"elementor-widget-container\">\n\t\t\t\t\t<h3 class=\"elementor-heading-title elementor-size-default\">\uc804\ub7b5 <br>  \uac1c\ubc1c\ud558\ub2e4<\/h3>\t\t\t\t<\/div>\n\t\t\t\t<\/div>\n\t\t\t\t<div class=\"elementor-element elementor-element-fa49b6c css_content_gt elementor-widget elementor-widget-text-editor\" data-id=\"fa49b6c\" data-element_type=\"widget\" data-widget_type=\"text-editor.default\">\n\t\t\t\t<div class=\"elementor-widget-container\">\n\t\t\t\t\t\t\t\t\t<p>2017\ub144 - \ud558\uc774\ud14d\uc740 5\uba85\uc758 \ucd08\uae30 \uc9c1\uc6d0\uc744 \ud504\ub9ac\ub79c\uc11c\ub85c \uc124\ub9bd\ud558\uc5ec \uc6b4\uc601\ud588\uc2b5\ub2c8\ub2e4. \ub2f9\uc2dc \uad6c\uc131\uc6d0\ub4e4\uc740 \ubaa8\ub450 \ud30c\ud2b8\ud0c0\uc784\uc73c\ub85c \ucc38\uc5ec\ud558\uc5ec \uc720\uba85 \uc18c\ud504\ud2b8\uc6e8\uc5b4 \ud68c\uc0ac\uc5d0\uc11c \uac01\uc790\uc758 \uc5c5\ubb34\ub97c \ub2f4\ub2f9\ud588\uc2b5\ub2c8\ub2e4.<\/p>\t\t\t\t\t\t\t\t<\/div>\n\t\t\t\t<\/div>\n\t\t\t\t<div class=\"elementor-element elementor-element-2d75147 css_hover_nut elementor-widget elementor-widget-button\" data-id=\"2d75147\" data-element_type=\"widget\" data-widget_type=\"button.default\">\n\t\t\t\t<div class=\"elementor-widget-container\">\n\t\t\t\t\t\t\t\t\t<div class=\"elementor-button-wrapper\">\n\t\t\t\t\t<a class=\"elementor-button elementor-button-link elementor-size-sm\" href=\"https:\/\/hitekgroup.vn\/ko\/phat-trien-ben-vung\/chien-luoc-phat-trien\/\">\n\t\t\t\t\t\t<span class=\"elementor-button-content-wrapper\">\n\t\t\t\t\t\t<span class=\"elementor-button-icon\">\n\t\t\t\t<svg xmlns=\"http:\/\/www.w3.org\/2000\/svg\" xmlns:xlink=\"http:\/\/www.w3.org\/1999\/xlink\" id=\"Layer_1\" x=\"0px\" y=\"0px\" viewbox=\"0 0 330 330\" style=\"enable-background:new 0 0 330 330;\" xml:space=\"preserve\"><path id=\"XMLID_27_\" d=\"M15,180h263.787l-49.394,49.394c-5.858,5.857-5.858,15.355,0,21.213C232.322,253.535,236.161,255,240,255 s7.678-1.465,10.606-4.394l75-75c5.858-5.857,5.858-15.355,0-21.213l-75-75c-5.857-5.857-15.355-5.857-21.213,0 c-5.858,5.857-5.858,15.355,0,21.213L278.787,150H15c-8.284,0-15,6.716-15,15S6.716,180,15,180z\"><\/path><g><\/g><g><\/g><g><\/g><g><\/g><g><\/g><g><\/g><g><\/g><g><\/g><g><\/g><g><\/g><g><\/g><g><\/g><g><\/g><g><\/g><g><\/g><\/svg>\t\t\t<\/span>\n\t\t\t\t\t\t\t\t\t<span class=\"elementor-button-text\">\ubaa8\ub450 \ubcf4\uae30<\/span>\n\t\t\t\t\t<\/span>\n\t\t\t\t\t<\/a>\n\t\t\t\t<\/div>\n\t\t\t\t\t\t\t\t<\/div>\n\t\t\t\t<\/div>\n\t\t\t\t\t<\/div>\n\t\t<\/div>\n\t\t\t\t<div class=\"elementor-column elementor-col-33 elementor-inner-column elementor-element elementor-element-d9973c7 css_item_gt\" data-id=\"d9973c7\" data-element_type=\"column\" data-settings=\"{&quot;background_background&quot;:&quot;classic&quot;}\">\n\t\t\t<div class=\"elementor-widget-wrap elementor-element-populated\">\n\t\t\t\t\t\t<div class=\"elementor-element elementor-element-e50b363 css_title_gt elementor-widget elementor-widget-heading\" data-id=\"e50b363\" data-element_type=\"widget\" data-widget_type=\"heading.default\">\n\t\t\t\t<div class=\"elementor-widget-container\">\n\t\t\t\t\t<h3 class=\"elementor-heading-title elementor-size-default\">\uc0dd\uac01 <br>  \ucc3d\uc758\uc801\uc778<\/h3>\t\t\t\t<\/div>\n\t\t\t\t<\/div>\n\t\t\t\t<div class=\"elementor-element elementor-element-4407344 css_content_gt elementor-widget elementor-widget-text-editor\" data-id=\"4407344\" data-element_type=\"widget\" data-widget_type=\"text-editor.default\">\n\t\t\t\t<div class=\"elementor-widget-container\">\n\t\t\t\t\t\t\t\t\t<p>\ud558\uc774\ud14d \uadf8\ub8f9\uc740 \uac01 \uc81c\ud488\uc5d0 \ub300\ud55c \ud601\uc2e0\uc801\uc774\uace0 \ucc3d\uc758\uc801\uc778 \uc0ac\uace0\uc758 \uc9d1\ud569\uccb4\uc785\ub2c8\ub2e4. \ud558\uc774\ud14d \uadf8\ub8f9\uc740 \uc0c8\ub85c\uc6b4 \uac83, \uc774\uc804\uc5d0\ub294 \uc5c6\uc5c8\ub358 \uac83\uc744 \ucc3d\uc870\ud558\ub824\ub294 \uc5f4\ub9dd\uc744 \uac00\uc9c0\uace0 \uc788\uc744 \ubfd0\ub9cc \uc544\ub2c8\ub77c, \ubd88\uac00\ub2a5\ud574 \ubcf4\uc774\ub294 \uac83\uc744 \ubc14\uafb8\ub824\ub294 \uae30\ub300\ub97c \uc18c\uc911\ud788 \uc5ec\uae41\ub2c8\ub2e4.<\/p>\t\t\t\t\t\t\t\t<\/div>\n\t\t\t\t<\/div>\n\t\t\t\t<div class=\"elementor-element elementor-element-b97a867 css_hover_nut elementor-widget elementor-widget-button\" data-id=\"b97a867\" data-element_type=\"widget\" data-widget_type=\"button.default\">\n\t\t\t\t<div class=\"elementor-widget-container\">\n\t\t\t\t\t\t\t\t\t<div class=\"elementor-button-wrapper\">\n\t\t\t\t\t<a class=\"elementor-button elementor-button-link elementor-size-sm\" href=\"https:\/\/hitekgroup.vn\/ko\/phat-trien-ben-vung\/tu-duy-sang-tao\/\">\n\t\t\t\t\t\t<span class=\"elementor-button-content-wrapper\">\n\t\t\t\t\t\t<span class=\"elementor-button-icon\">\n\t\t\t\t<svg xmlns=\"http:\/\/www.w3.org\/2000\/svg\" xmlns:xlink=\"http:\/\/www.w3.org\/1999\/xlink\" id=\"Layer_1\" x=\"0px\" y=\"0px\" viewbox=\"0 0 330 330\" style=\"enable-background:new 0 0 330 330;\" xml:space=\"preserve\"><path id=\"XMLID_27_\" d=\"M15,180h263.787l-49.394,49.394c-5.858,5.857-5.858,15.355,0,21.213C232.322,253.535,236.161,255,240,255 s7.678-1.465,10.606-4.394l75-75c5.858-5.857,5.858-15.355,0-21.213l-75-75c-5.857-5.857-15.355-5.857-21.213,0 c-5.858,5.857-5.858,15.355,0,21.213L278.787,150H15c-8.284,0-15,6.716-15,15S6.716,180,15,180z\"><\/path><g><\/g><g><\/g><g><\/g><g><\/g><g><\/g><g><\/g><g><\/g><g><\/g><g><\/g><g><\/g><g><\/g><g><\/g><g><\/g><g><\/g><g><\/g><\/svg>\t\t\t<\/span>\n\t\t\t\t\t\t\t\t\t<span class=\"elementor-button-text\">\ubaa8\ub450 \ubcf4\uae30<\/span>\n\t\t\t\t\t<\/span>\n\t\t\t\t\t<\/a>\n\t\t\t\t<\/div>\n\t\t\t\t\t\t\t\t<\/div>\n\t\t\t\t<\/div>\n\t\t\t\t\t<\/div>\n\t\t<\/div>\n\t\t\t\t\t<\/div>\n\t\t<\/section>\n\t\t\t\t\t<\/div>\n\t\t<\/div>\n\t\t\t\t\t<\/div>\n\t\t<\/section>\n\t\t\t\t<\/div>","protected":false},"excerpt":{"rendered":"<p>KH\u00c1T KHAO CHINH PH\u1ee4C Hitek Group h\u00ecnh th\u00e0nh v\u1edbi s\u1ee9 m\u1ec7nh \u201cD\u1eabn \u0111\u1ea7u xu th\u1ebf n\u1ec1n c\u00f4ng ngh\u1ec7 Vi\u1ec7t Nam\u201d, v\u1edbi 4 l\u0129nh v\u1ef1c ch\u00ednh l\u00e0 C\u00f4ng ngh\u1ec7, D\u1ecbch v\u1ee5, Tr\u00ecnh di\u1ec5n v\u00e0 \u0110\u1ea7u t\u01b0.\u00a0 V\u0102N H\u00d3A DOANH NGHI\u1ec6P Hitek Group s\u1edf h\u1eefu ngu\u1ed3n nh\u00e2n l\u1ef1c tr\u1ebb, \u0111\u1ea7y s\u00e1ng t\u1ea1o, nhi\u1ec7t huy\u1ebft, c\u0169ng ch\u00ednh v\u00ec [&hellip;]<\/p>","protected":false},"author":1,"featured_media":0,"parent":0,"menu_order":0,"comment_status":"closed","ping_status":"closed","template":"elementor_header_footer","meta":{"site-sidebar-layout":"no-sidebar","site-content-layout":"page-builder","ast-site-content-layout":"default","site-content-style":"default","site-sidebar-style":"default","ast-global-header-display":"","ast-banner-title-visibility":"","ast-main-header-display":"","ast-hfb-above-header-display":"","ast-hfb-below-header-display":"","ast-hfb-mobile-header-display":"","site-post-title":"disabled","ast-breadcrumbs-content":"","ast-featured-img":"disabled","footer-sml-layout":"","theme-transparent-header-meta":"default","adv-header-id-meta":"","stick-header-meta":"default","header-above-stick-meta":"","header-main-stick-meta":"","header-below-stick-meta":"","astra-migrate-meta-layouts":"default","ast-page-background-enabled":"default","ast-page-background-meta":{"desktop":{"background-color":"var(--ast-global-color-4)","background-image":"","background-repeat":"repeat","background-position":"center center","background-size":"auto","background-attachment":"scroll","background-type":"","background-media":"","overlay-type":"","overlay-color":"","overlay-opacity":"","overlay-gradient":""},"tablet":{"background-color":"","background-image":"","background-repeat":"repeat","background-position":"center center","background-size":"auto","background-attachment":"scroll","background-type":"","background-media":"","overlay-type":"","overlay-color":"","overlay-opacity":"","overlay-gradient":""},"mobile":{"background-color":"","background-image":"","background-repeat":"repeat","background-position":"center center","background-size":"auto","background-attachment":"scroll","background-type":"","background-media":"","overlay-type":"","overlay-color":"","overlay-opacity":"","overlay-gradient":""}},"ast-content-background-meta":{"desktop":{"background-color":"var(--ast-global-color-5)","background-image":"","background-repeat":"repeat","background-position":"center center","background-size":"auto","background-attachment":"scroll","background-type":"","background-media":"","overlay-type":"","overlay-color":"","overlay-opacity":"","overlay-gradient":""},"tablet":{"background-color":"var(--ast-global-color-5)","background-image":"","background-repeat":"repeat","background-position":"center center","background-size":"auto","background-attachment":"scroll","background-type":"","background-media":"","overlay-type":"","overlay-color":"","overlay-opacity":"","overlay-gradient":""},"mobile":{"background-color":"var(--ast-global-color-5)","background-image":"","background-repeat":"repeat","background-position":"center center","background-size":"auto","background-attachment":"scroll","background-type":"","background-media":"","overlay-type":"","overlay-color":"","overlay-opacity":"","overlay-gradient":""}},"footnotes":""},"class_list":["post-1077","page","type-page","status-publish","hentry"],"_links":{"self":[{"href":"https:\/\/hitekgroup.vn\/ko\/wp-json\/wp\/v2\/pages\/1077","targetHints":{"allow":["GET"]}}],"collection":[{"href":"https:\/\/hitekgroup.vn\/ko\/wp-json\/wp\/v2\/pages"}],"about":[{"href":"https:\/\/hitekgroup.vn\/ko\/wp-json\/wp\/v2\/types\/page"}],"author":[{"embeddable":true,"href":"https:\/\/hitekgroup.vn\/ko\/wp-json\/wp\/v2\/users\/1"}],"replies":[{"embeddable":true,"href":"https:\/\/hitekgroup.vn\/ko\/wp-json\/wp\/v2\/comments?post=1077"}],"version-history":[{"count":0,"href":"https:\/\/hitekgroup.vn\/ko\/wp-json\/wp\/v2\/pages\/1077\/revisions"}],"wp:attachment":[{"href":"https:\/\/hitekgroup.vn\/ko\/wp-json\/wp\/v2\/media?parent=1077"}],"curies":[{"name":"wp","href":"https:\/\/api.w.org\/{rel}","templated":true}]}}