{"id":764,"date":"2022-03-17T08:29:52","date_gmt":"2022-03-17T01:29:52","guid":{"rendered":"https:\/\/hitekgroup.vn\/?page_id=764"},"modified":"2022-03-17T10:56:52","modified_gmt":"2022-03-17T03:56:52","slug":"doi-ngu-nhan-su","status":"publish","type":"page","link":"https:\/\/hitekgroup.vn\/en\/gioi-thieu-tap-doan\/doi-ngu-nhan-su\/","title":{"rendered":"STAFF"},"content":{"rendered":"<div data-elementor-type=\"wp-page\" data-elementor-id=\"764\" class=\"elementor elementor-764\" data-elementor-post-type=\"page\">\n\t\t\t\t\t\t<section class=\"elementor-section elementor-top-section elementor-element elementor-element-b3ec933 elementor-section-boxed elementor-section-height-default elementor-section-height-default\" data-id=\"b3ec933\" data-element_type=\"section\" data-settings=\"{&quot;jet_parallax_layout_list&quot;:[]}\">\n\t\t\t\t\t\t<div class=\"elementor-container elementor-column-gap-default\">\n\t\t\t\t\t<div class=\"elementor-column elementor-col-100 elementor-top-column elementor-element elementor-element-fa6676a\" data-id=\"fa6676a\" data-element_type=\"column\">\n\t\t\t<div class=\"elementor-widget-wrap elementor-element-populated\">\n\t\t\t\t\t\t<section class=\"elementor-section elementor-inner-section elementor-element elementor-element-971604c elementor-section-boxed elementor-section-height-default elementor-section-height-default\" data-id=\"971604c\" data-element_type=\"section\" data-settings=\"{&quot;jet_parallax_layout_list&quot;:[]}\">\n\t\t\t\t\t\t<div class=\"elementor-container elementor-column-gap-default\">\n\t\t\t\t\t<div class=\"elementor-column elementor-col-100 elementor-inner-column elementor-element elementor-element-ebea92c\" data-id=\"ebea92c\" data-element_type=\"column\">\n\t\t\t<div class=\"elementor-widget-wrap elementor-element-populated\">\n\t\t\t\t\t\t<div class=\"elementor-element elementor-element-f7d4460 elementor-widget elementor-widget-shortcode\" data-id=\"f7d4460\" data-element_type=\"widget\" data-widget_type=\"shortcode.default\">\n\t\t\t\t<div class=\"elementor-widget-container\">\n\t\t\t\t\t\t\t<div class=\"elementor-shortcode\"><nav aria-label=\"breadcrumbs\" class=\"rank-math-breadcrumb\"><p><span class=\"last\"><\/span><\/p><\/nav><\/div>\n\t\t\t\t\t\t<\/div>\n\t\t\t\t<\/div>\n\t\t\t\t<div class=\"elementor-element elementor-element-42e98a6 elementor-widget elementor-widget-heading\" data-id=\"42e98a6\" data-element_type=\"widget\" data-widget_type=\"heading.default\">\n\t\t\t\t<div class=\"elementor-widget-container\">\n\t\t\t\t\t<h2 class=\"elementor-heading-title elementor-size-default\">Human Resources Team<\/h2>\t\t\t\t<\/div>\n\t\t\t\t<\/div>\n\t\t\t\t<div class=\"elementor-element elementor-element-a7acf84 elementor-widget elementor-widget-image\" data-id=\"a7acf84\" data-element_type=\"widget\" data-widget_type=\"image.default\">\n\t\t\t\t<div class=\"elementor-widget-container\">\n\t\t\t\t\t\t\t\t\t\t\t\t\t\t\t<img fetchpriority=\"high\" decoding=\"async\" width=\"2560\" height=\"1920\" src=\"https:\/\/hitekgroup.vn\/wp-content\/uploads\/2022\/03\/IMG_5484-scaled.jpg\" class=\"attachment-full size-full wp-image-767\" alt=\"\" srcset=\"https:\/\/hitekgroup.vn\/wp-content\/uploads\/2022\/03\/IMG_5484-scaled.jpg 2560w, https:\/\/hitekgroup.vn\/wp-content\/uploads\/2022\/03\/IMG_5484-300x225.jpg 300w, https:\/\/hitekgroup.vn\/wp-content\/uploads\/2022\/03\/IMG_5484-1024x768.jpg 1024w, https:\/\/hitekgroup.vn\/wp-content\/uploads\/2022\/03\/IMG_5484-768x576.jpg 768w, https:\/\/hitekgroup.vn\/wp-content\/uploads\/2022\/03\/IMG_5484-1536x1152.jpg 1536w, https:\/\/hitekgroup.vn\/wp-content\/uploads\/2022\/03\/IMG_5484-2048x1536.jpg 2048w\" sizes=\"(max-width: 2560px) 100vw, 2560px\" \/>\t\t\t\t\t\t\t\t\t\t\t\t\t\t\t<\/div>\n\t\t\t\t<\/div>\n\t\t\t\t<div class=\"elementor-element elementor-element-2616618 elementor-widget elementor-widget-text-editor\" data-id=\"2616618\" data-element_type=\"widget\" data-widget_type=\"text-editor.default\">\n\t\t\t\t<div class=\"elementor-widget-container\">\n\t\t\t\t\t\t\t\t\t<p>Mandatory standards are unprecedented in Hitek Group, but in each position, we will have our own standards to evaluate the level of effectiveness. Always promoting the spirit of creativity and continuous learning of each member, Hitek always creates conditions for each person to be able to fully develop their inherent capacity. In addition, we always offer solutions to help members improve their management capacity, demonstrate steadfastness in all difficult situations. All are aimed at a common goal, which is to build an increasingly strong Hitek Group.<br \/>A young, creative and enthusiastic workforce led by a team of highly qualified and visionary leaders has painted a perfect picture for the development of Hitek Group. Hitek Group is a convergence of the elements of heart - mind - trust, daring to think, daring to do, daring to take responsibility, which has become our cultural identity.<br \/>On the way to creating value and success for Hitek Group, there are always great contributions from each member.<\/p>\t\t\t\t\t\t\t\t<\/div>\n\t\t\t\t<\/div>\n\t\t\t\t\t<\/div>\n\t\t<\/div>\n\t\t\t\t\t<\/div>\n\t\t<\/section>\n\t\t\t\t\t<\/div>\n\t\t<\/div>\n\t\t\t\t\t<\/div>\n\t\t<\/section>\n\t\t\t\t<\/div>","protected":false},"excerpt":{"rendered":"<p>\u0110\u1ed9i ng\u0169 Nh\u00e2n s\u1ef1 Ti\u00eau chu\u1ea9n b\u1eaft bu\u1ed9c l\u00e0 m\u1ed9t \u0111i\u1ec1u ch\u01b0a t\u1eebng x\u1ea3y ra trong ti\u1ec1n l\u1ec7 c\u1ee7a Hitek Group, nh\u01b0ng \u1edf m\u1ed7i v\u1ecb tr\u00ed, ch\u00fang t\u00f4i s\u1ebd c\u00f3 nh\u1eefng quy chu\u1ea9n ri\u00eang \u0111\u1ec3 \u0111\u00e1nh gi\u00e1 m\u1ee9c \u0111\u1ed9 hi\u1ec7u qu\u1ea3. Lu\u00f4n \u0111\u1ec1 cao tinh th\u1ea7n s\u00e1ng t\u1ea1o v\u00e0 h\u1ecdc h\u1ecfi kh\u00f4ng ng\u1eebng c\u1ee7a t\u1eebng [&hellip;]<\/p>","protected":false},"author":1,"featured_media":0,"parent":517,"menu_order":0,"comment_status":"closed","ping_status":"closed","template":"elementor_header_footer","meta":{"site-sidebar-layout":"no-sidebar","site-content-layout":"page-builder","ast-site-content-layout":"default","site-content-style":"default","site-sidebar-style":"default","ast-global-header-display":"","ast-banner-title-visibility":"","ast-main-header-display":"","ast-hfb-above-header-display":"","ast-hfb-below-header-display":"","ast-hfb-mobile-header-display":"","site-post-title":"disabled","ast-breadcrumbs-content":"","ast-featured-img":"disabled","footer-sml-layout":"","theme-transparent-header-meta":"default","adv-header-id-meta":"","stick-header-meta":"default","header-above-stick-meta":"","header-main-stick-meta":"","header-below-stick-meta":"","astra-migrate-meta-layouts":"default","ast-page-background-enabled":"default","ast-page-background-meta":{"desktop":{"background-color":"var(--ast-global-color-4)","background-image":"","background-repeat":"repeat","background-position":"center center","background-size":"auto","background-attachment":"scroll","background-type":"","background-media":"","overlay-type":"","overlay-color":"","overlay-opacity":"","overlay-gradient":""},"tablet":{"background-color":"","background-image":"","background-repeat":"repeat","background-position":"center center","background-size":"auto","background-attachment":"scroll","background-type":"","background-media":"","overlay-type":"","overlay-color":"","overlay-opacity":"","overlay-gradient":""},"mobile":{"background-color":"","background-image":"","background-repeat":"repeat","background-position":"center center","background-size":"auto","background-attachment":"scroll","background-type":"","background-media":"","overlay-type":"","overlay-color":"","overlay-opacity":"","overlay-gradient":""}},"ast-content-background-meta":{"desktop":{"background-color":"var(--ast-global-color-5)","background-image":"","background-repeat":"repeat","background-position":"center center","background-size":"auto","background-attachment":"scroll","background-type":"","background-media":"","overlay-type":"","overlay-color":"","overlay-opacity":"","overlay-gradient":""},"tablet":{"background-color":"var(--ast-global-color-5)","background-image":"","background-repeat":"repeat","background-position":"center center","background-size":"auto","background-attachment":"scroll","background-type":"","background-media":"","overlay-type":"","overlay-color":"","overlay-opacity":"","overlay-gradient":""},"mobile":{"background-color":"var(--ast-global-color-5)","background-image":"","background-repeat":"repeat","background-position":"center center","background-size":"auto","background-attachment":"scroll","background-type":"","background-media":"","overlay-type":"","overlay-color":"","overlay-opacity":"","overlay-gradient":""}},"footnotes":""},"class_list":["post-764","page","type-page","status-publish","hentry"],"_links":{"self":[{"href":"https:\/\/hitekgroup.vn\/en\/wp-json\/wp\/v2\/pages\/764","targetHints":{"allow":["GET"]}}],"collection":[{"href":"https:\/\/hitekgroup.vn\/en\/wp-json\/wp\/v2\/pages"}],"about":[{"href":"https:\/\/hitekgroup.vn\/en\/wp-json\/wp\/v2\/types\/page"}],"author":[{"embeddable":true,"href":"https:\/\/hitekgroup.vn\/en\/wp-json\/wp\/v2\/users\/1"}],"replies":[{"embeddable":true,"href":"https:\/\/hitekgroup.vn\/en\/wp-json\/wp\/v2\/comments?post=764"}],"version-history":[{"count":0,"href":"https:\/\/hitekgroup.vn\/en\/wp-json\/wp\/v2\/pages\/764\/revisions"}],"up":[{"embeddable":true,"href":"https:\/\/hitekgroup.vn\/en\/wp-json\/wp\/v2\/pages\/517"}],"wp:attachment":[{"href":"https:\/\/hitekgroup.vn\/en\/wp-json\/wp\/v2\/media?parent=764"}],"curies":[{"name":"wp","href":"https:\/\/api.w.org\/{rel}","templated":true}]}}