{"id":1116,"date":"2022-03-17T15:36:51","date_gmt":"2022-03-17T08:36:51","guid":{"rendered":"https:\/\/hitekgroup.vn\/?page_id=1116"},"modified":"2022-04-15T15:21:12","modified_gmt":"2022-04-15T08:21:12","slug":"chien-luoc-phat-trien","status":"publish","type":"page","link":"https:\/\/hitekgroup.vn\/en\/phat-trien-ben-vung\/chien-luoc-phat-trien\/","title":{"rendered":"DEVELOPMENT STRATEGY"},"content":{"rendered":"<div data-elementor-type=\"wp-page\" data-elementor-id=\"1116\" class=\"elementor elementor-1116\" data-elementor-post-type=\"page\">\n\t\t\t\t\t\t<section class=\"elementor-section elementor-top-section elementor-element elementor-element-c06e9be elementor-section-boxed elementor-section-height-default elementor-section-height-default\" data-id=\"c06e9be\" data-element_type=\"section\" data-settings=\"{&quot;jet_parallax_layout_list&quot;:[]}\">\n\t\t\t\t\t\t<div class=\"elementor-container elementor-column-gap-default\">\n\t\t\t\t\t<div class=\"elementor-column elementor-col-100 elementor-top-column elementor-element elementor-element-8c98edf\" data-id=\"8c98edf\" data-element_type=\"column\">\n\t\t\t<div class=\"elementor-widget-wrap elementor-element-populated\">\n\t\t\t\t\t\t<section class=\"elementor-section elementor-inner-section elementor-element elementor-element-da8acda elementor-section-boxed elementor-section-height-default elementor-section-height-default\" data-id=\"da8acda\" data-element_type=\"section\" data-settings=\"{&quot;jet_parallax_layout_list&quot;:[]}\">\n\t\t\t\t\t\t<div class=\"elementor-container elementor-column-gap-default\">\n\t\t\t\t\t<div class=\"elementor-column elementor-col-100 elementor-inner-column elementor-element elementor-element-4cbaa6b\" data-id=\"4cbaa6b\" data-element_type=\"column\">\n\t\t\t<div class=\"elementor-widget-wrap elementor-element-populated\">\n\t\t\t\t\t\t<div class=\"elementor-element elementor-element-24dcd11 elementor-widget elementor-widget-shortcode\" data-id=\"24dcd11\" data-element_type=\"widget\" data-widget_type=\"shortcode.default\">\n\t\t\t\t<div class=\"elementor-widget-container\">\n\t\t\t\t\t\t\t<div class=\"elementor-shortcode\"><nav aria-label=\"breadcrumbs\" class=\"rank-math-breadcrumb\"><p><span class=\"last\"><\/span><\/p><\/nav><\/div>\n\t\t\t\t\t\t<\/div>\n\t\t\t\t<\/div>\n\t\t\t\t<div class=\"elementor-element elementor-element-38652e0 elementor-widget elementor-widget-heading\" data-id=\"38652e0\" data-element_type=\"widget\" data-widget_type=\"heading.default\">\n\t\t\t\t<div class=\"elementor-widget-container\">\n\t\t\t\t\t<h2 class=\"elementor-heading-title elementor-size-default\">DEVELOPMENT STRATEGY<\/h2>\t\t\t\t<\/div>\n\t\t\t\t<\/div>\n\t\t\t\t<div class=\"elementor-element elementor-element-00df56d elementor-widget elementor-widget-image\" data-id=\"00df56d\" data-element_type=\"widget\" data-widget_type=\"image.default\">\n\t\t\t\t<div class=\"elementor-widget-container\">\n\t\t\t\t\t\t\t\t\t\t\t\t\t\t\t<img fetchpriority=\"high\" decoding=\"async\" width=\"1536\" height=\"1024\" src=\"https:\/\/hitekgroup.vn\/wp-content\/uploads\/2022\/04\/chien-luoc-phat-trien-1536x1024.jpg\" class=\"attachment-1536x1536 size-1536x1536 wp-image-2342\" alt=\"\" srcset=\"https:\/\/hitekgroup.vn\/wp-content\/uploads\/2022\/04\/chien-luoc-phat-trien-1536x1024.jpg 1536w, https:\/\/hitekgroup.vn\/wp-content\/uploads\/2022\/04\/chien-luoc-phat-trien-300x200.jpg 300w, https:\/\/hitekgroup.vn\/wp-content\/uploads\/2022\/04\/chien-luoc-phat-trien-1024x683.jpg 1024w, https:\/\/hitekgroup.vn\/wp-content\/uploads\/2022\/04\/chien-luoc-phat-trien-768x512.jpg 768w, https:\/\/hitekgroup.vn\/wp-content\/uploads\/2022\/04\/chien-luoc-phat-trien-2048x1366.jpg 2048w\" sizes=\"(max-width: 1536px) 100vw, 1536px\" \/>\t\t\t\t\t\t\t\t\t\t\t\t\t\t\t<\/div>\n\t\t\t\t<\/div>\n\t\t\t\t<div class=\"elementor-element elementor-element-87a2622 elementor-widget elementor-widget-text-editor\" data-id=\"87a2622\" data-element_type=\"widget\" data-widget_type=\"text-editor.default\">\n\t\t\t\t<div class=\"elementor-widget-container\">\n\t\t\t\t\t\t\t\t\t<p>2017 \u2013 Hitek was founded and operated by the first 5 employees as freelancers. At this time, the members all participated part-time and had their own jobs at famous software companies. The first projects were mostly developed for individual customers in Vietnam.<\/p><p>2018 \u2013 Received the first software project in Korea. This was the first step and motivated the whole team to transform, change the business strategy to build the necessary skill sets when working with foreign customers. From here, the company determined that in the long term, it would work with foreign markets to increase profit margins from projects. In addition, all of the group&#039;s activities were also changed based on the general strategy. These include: recruiting personnel (only accepting personnel who can communicate in English), researching technologies that foreign markets often require, learning about legal and electronic contracts, transferring money from abroad to Vietnam, etc.<\/p><p>2019 \u2013 2020 \u2013 In early 2019, Hitek&#039;s total staff increased to 10 full-time members. We started to register for a business license and moved to a more professional office. During this 2-year period, more than 90% of the company&#039;s projects came from the Korean market. The forms of communication about Hitek in foreign markets are increasingly polished and more meticulous. To facilitate contract negotiations and processing of invoices and documents for customer companies, Hitek recruited a native Korean (living in Seoul, Korea) as a representative and transaction officer.<\/p><p>2021 \u2013 Present \u2013 Since 2020, Hitek&#039;s projects have not only stopped at the Korean and Vietnamese markets. The company has begun to receive more diverse contracts from customers in the US, Canada, and Germany. The goal is to diversify project sources instead of focusing on 90% projects from Korea as in the 2019-2020 period. This will help minimize risks when there is a force majeure event in the Korean market (such as the Covid19 pandemic in Korea). At the current stage, Hitek expects to end 2021 with 30 employees and expand to at least 50 employees in 2022.<\/p><p>Hitek Group&#039;s vision is to become a multi-industry company with a technology core. Therefore, from 2022, we aim to establish subsidiaries operating in fields other than software export.<\/p>\t\t\t\t\t\t\t\t<\/div>\n\t\t\t\t<\/div>\n\t\t\t\t\t<\/div>\n\t\t<\/div>\n\t\t\t\t\t<\/div>\n\t\t<\/section>\n\t\t\t\t\t<\/div>\n\t\t<\/div>\n\t\t\t\t\t<\/div>\n\t\t<\/section>\n\t\t\t\t<\/div>","protected":false},"excerpt":{"rendered":"<p>CHI\u1ebeN L\u01af\u1ee2C PH\u00c1T TRI\u1ec2N 2017 &#8211; Hitek \u0111\u01b0\u1ee3c th\u00e0nh l\u1eadp v\u00e0 v\u1eadn h\u00e0nh b\u1edfi 5 nh\u00e2n s\u1ef1 \u0111\u1ea7u ti\u00ean theo h\u00ecnh th\u1ee9c freelancer (l\u00e0m vi\u1ec7c t\u1ef1 do). \u1ede th\u1eddi \u0111i\u1ec3m n\u00e0y, c\u00e1c th\u00e0nh vi\u00ean \u0111\u1ec1u tham gia part-time v\u00e0 c\u00f3 c\u00e1c c\u00f4ng vi\u1ec7c ri\u00eang t\u1ea1i c\u00e1c c\u00f4ng ty ph\u1ea7n m\u1ec1m n\u1ed5i danh. C\u00e1c d\u1ef1 \u00e1n [&hellip;]<\/p>","protected":false},"author":1,"featured_media":0,"parent":1077,"menu_order":0,"comment_status":"closed","ping_status":"closed","template":"elementor_header_footer","meta":{"site-sidebar-layout":"no-sidebar","site-content-layout":"page-builder","ast-site-content-layout":"default","site-content-style":"default","site-sidebar-style":"default","ast-global-header-display":"","ast-banner-title-visibility":"","ast-main-header-display":"","ast-hfb-above-header-display":"","ast-hfb-below-header-display":"","ast-hfb-mobile-header-display":"","site-post-title":"disabled","ast-breadcrumbs-content":"","ast-featured-img":"disabled","footer-sml-layout":"","theme-transparent-header-meta":"default","adv-header-id-meta":"","stick-header-meta":"default","header-above-stick-meta":"","header-main-stick-meta":"","header-below-stick-meta":"","astra-migrate-meta-layouts":"default","ast-page-background-enabled":"default","ast-page-background-meta":{"desktop":{"background-color":"var(--ast-global-color-4)","background-image":"","background-repeat":"repeat","background-position":"center center","background-size":"auto","background-attachment":"scroll","background-type":"","background-media":"","overlay-type":"","overlay-color":"","overlay-opacity":"","overlay-gradient":""},"tablet":{"background-color":"","background-image":"","background-repeat":"repeat","background-position":"center center","background-size":"auto","background-attachment":"scroll","background-type":"","background-media":"","overlay-type":"","overlay-color":"","overlay-opacity":"","overlay-gradient":""},"mobile":{"background-color":"","background-image":"","background-repeat":"repeat","background-position":"center center","background-size":"auto","background-attachment":"scroll","background-type":"","background-media":"","overlay-type":"","overlay-color":"","overlay-opacity":"","overlay-gradient":""}},"ast-content-background-meta":{"desktop":{"background-color":"var(--ast-global-color-5)","background-image":"","background-repeat":"repeat","background-position":"center center","background-size":"auto","background-attachment":"scroll","background-type":"","background-media":"","overlay-type":"","overlay-color":"","overlay-opacity":"","overlay-gradient":""},"tablet":{"background-color":"var(--ast-global-color-5)","background-image":"","background-repeat":"repeat","background-position":"center center","background-size":"auto","background-attachment":"scroll","background-type":"","background-media":"","overlay-type":"","overlay-color":"","overlay-opacity":"","overlay-gradient":""},"mobile":{"background-color":"var(--ast-global-color-5)","background-image":"","background-repeat":"repeat","background-position":"center center","background-size":"auto","background-attachment":"scroll","background-type":"","background-media":"","overlay-type":"","overlay-color":"","overlay-opacity":"","overlay-gradient":""}},"footnotes":""},"class_list":["post-1116","page","type-page","status-publish","hentry"],"_links":{"self":[{"href":"https:\/\/hitekgroup.vn\/en\/wp-json\/wp\/v2\/pages\/1116","targetHints":{"allow":["GET"]}}],"collection":[{"href":"https:\/\/hitekgroup.vn\/en\/wp-json\/wp\/v2\/pages"}],"about":[{"href":"https:\/\/hitekgroup.vn\/en\/wp-json\/wp\/v2\/types\/page"}],"author":[{"embeddable":true,"href":"https:\/\/hitekgroup.vn\/en\/wp-json\/wp\/v2\/users\/1"}],"replies":[{"embeddable":true,"href":"https:\/\/hitekgroup.vn\/en\/wp-json\/wp\/v2\/comments?post=1116"}],"version-history":[{"count":0,"href":"https:\/\/hitekgroup.vn\/en\/wp-json\/wp\/v2\/pages\/1116\/revisions"}],"up":[{"embeddable":true,"href":"https:\/\/hitekgroup.vn\/en\/wp-json\/wp\/v2\/pages\/1077"}],"wp:attachment":[{"href":"https:\/\/hitekgroup.vn\/en\/wp-json\/wp\/v2\/media?parent=1116"}],"curies":[{"name":"wp","href":"https:\/\/api.w.org\/{rel}","templated":true}]}}