{"id":1109,"date":"2022-03-17T15:34:45","date_gmt":"2022-03-17T08:34:45","guid":{"rendered":"https:\/\/hitekgroup.vn\/?page_id=1109"},"modified":"2022-04-15T14:34:52","modified_gmt":"2022-04-15T07:34:52","slug":"van-hoa-doanh-nghiep","status":"publish","type":"page","link":"https:\/\/hitekgroup.vn\/en\/phat-trien-ben-vung\/van-hoa-doanh-nghiep\/","title":{"rendered":"CORPORATE CULTURE"},"content":{"rendered":"<div data-elementor-type=\"wp-page\" data-elementor-id=\"1109\" class=\"elementor elementor-1109\" data-elementor-post-type=\"page\">\n\t\t\t\t\t\t<section class=\"elementor-section elementor-top-section elementor-element elementor-element-5f01029 elementor-section-boxed elementor-section-height-default elementor-section-height-default\" data-id=\"5f01029\" data-element_type=\"section\" data-settings=\"{&quot;jet_parallax_layout_list&quot;:[]}\">\n\t\t\t\t\t\t<div class=\"elementor-container elementor-column-gap-default\">\n\t\t\t\t\t<div class=\"elementor-column elementor-col-100 elementor-top-column elementor-element elementor-element-552beae\" data-id=\"552beae\" data-element_type=\"column\">\n\t\t\t<div class=\"elementor-widget-wrap elementor-element-populated\">\n\t\t\t\t\t\t<section class=\"elementor-section elementor-inner-section elementor-element elementor-element-ce1616a elementor-section-boxed elementor-section-height-default elementor-section-height-default\" data-id=\"ce1616a\" data-element_type=\"section\" data-settings=\"{&quot;jet_parallax_layout_list&quot;:[]}\">\n\t\t\t\t\t\t<div class=\"elementor-container elementor-column-gap-default\">\n\t\t\t\t\t<div class=\"elementor-column elementor-col-100 elementor-inner-column elementor-element elementor-element-8936068\" data-id=\"8936068\" data-element_type=\"column\">\n\t\t\t<div class=\"elementor-widget-wrap elementor-element-populated\">\n\t\t\t\t\t\t<div class=\"elementor-element elementor-element-6a5d29e elementor-widget elementor-widget-shortcode\" data-id=\"6a5d29e\" data-element_type=\"widget\" data-widget_type=\"shortcode.default\">\n\t\t\t\t<div class=\"elementor-widget-container\">\n\t\t\t\t\t\t\t<div class=\"elementor-shortcode\"><nav aria-label=\"breadcrumbs\" class=\"rank-math-breadcrumb\"><p><span class=\"last\"><\/span><\/p><\/nav><\/div>\n\t\t\t\t\t\t<\/div>\n\t\t\t\t<\/div>\n\t\t\t\t<div class=\"elementor-element elementor-element-2be5dae elementor-widget elementor-widget-heading\" data-id=\"2be5dae\" data-element_type=\"widget\" data-widget_type=\"heading.default\">\n\t\t\t\t<div class=\"elementor-widget-container\">\n\t\t\t\t\t<h2 class=\"elementor-heading-title elementor-size-default\">CORPORATE CULTURE<\/h2>\t\t\t\t<\/div>\n\t\t\t\t<\/div>\n\t\t\t\t<div class=\"elementor-element elementor-element-eb690c7 elementor-widget elementor-widget-image\" data-id=\"eb690c7\" data-element_type=\"widget\" data-widget_type=\"image.default\">\n\t\t\t\t<div class=\"elementor-widget-container\">\n\t\t\t\t\t\t\t\t\t\t\t\t\t\t\t<img fetchpriority=\"high\" decoding=\"async\" width=\"1536\" height=\"1024\" src=\"https:\/\/hitekgroup.vn\/wp-content\/uploads\/2022\/04\/IMG_5446-1536x1024.jpg\" class=\"attachment-1536x1536 size-1536x1536 wp-image-2330\" alt=\"\" srcset=\"https:\/\/hitekgroup.vn\/wp-content\/uploads\/2022\/04\/IMG_5446-1536x1024.jpg 1536w, https:\/\/hitekgroup.vn\/wp-content\/uploads\/2022\/04\/IMG_5446-300x200.jpg 300w, https:\/\/hitekgroup.vn\/wp-content\/uploads\/2022\/04\/IMG_5446-1024x683.jpg 1024w, https:\/\/hitekgroup.vn\/wp-content\/uploads\/2022\/04\/IMG_5446-768x512.jpg 768w, https:\/\/hitekgroup.vn\/wp-content\/uploads\/2022\/04\/IMG_5446-2048x1365.jpg 2048w\" sizes=\"(max-width: 1536px) 100vw, 1536px\" \/>\t\t\t\t\t\t\t\t\t\t\t\t\t\t\t<\/div>\n\t\t\t\t<\/div>\n\t\t\t\t<div class=\"elementor-element elementor-element-3984ca7 elementor-widget elementor-widget-text-editor\" data-id=\"3984ca7\" data-element_type=\"widget\" data-widget_type=\"text-editor.default\">\n\t\t\t\t<div class=\"elementor-widget-container\">\n\t\t\t\t\t\t\t\t\t<p>Hitek Group owns a young, creative and enthusiastic human resource, that is why we always try to bring a comfortable working environment so that each member feels &quot;the office is like their second home&quot;.<\/p><p>Hitek Group does not confine its employees to a rigid framework, but that is also the way Hitek Group helps each member to be more responsible for themselves and their work. Learning how to manage their time effectively is what Hitek always aims for each employee.<\/p><p>Creativity has no boundaries, that&#039;s why we always want our members to be free to be creative in their work.<\/p><p>More than anyone else, we understand that the working environment greatly affects the results of each project. A comfortable working environment will help increase productivity, bringing a certain success to each project.<\/p><p>Knowledge is limitless, to encourage members to update more useful things, Hitek Group always creates conditions for old employees to have the opportunity to expand more new knowledge. Besides, we are always willing to train new members, who do not have much experience but are eager to learn and passionate about exploring new things.<\/p>\t\t\t\t\t\t\t\t<\/div>\n\t\t\t\t<\/div>\n\t\t\t\t\t<\/div>\n\t\t<\/div>\n\t\t\t\t\t<\/div>\n\t\t<\/section>\n\t\t\t\t\t<\/div>\n\t\t<\/div>\n\t\t\t\t\t<\/div>\n\t\t<\/section>\n\t\t\t\t<\/div>","protected":false},"excerpt":{"rendered":"<p>V\u0102N H\u00d3A DOANH NGHI\u1ec6P Hitek Group s\u1edf h\u1eefu ngu\u1ed3n nh\u00e2n l\u1ef1c tr\u1ebb, \u0111\u1ea7y s\u00e1ng t\u1ea1o, nhi\u1ec7t huy\u1ebft, c\u0169ng ch\u00ednh v\u00ec v\u1eady ch\u00fang t\u00f4i lu\u00f4n c\u1ed1 g\u1eafng mang \u0111\u1ebfn m\u1ed9t m\u00f4i tr\u01b0\u1eddng l\u00e0m vi\u1ec7c th\u1eadt tho\u1ea3i m\u00e1i \u0111\u1ec3 m\u1ed7i th\u00e0nh vi\u00ean \u0111\u1ec1u c\u1ea3m th\u1ea5y \u201cv\u0103n ph\u00f2ng l\u00e0m vi\u1ec7c nh\u01b0 ng\u00f4i nh\u00e0 th\u1ee9 hai c\u1ee7a m\u00ecnh. Kh\u00f4ng [&hellip;]<\/p>","protected":false},"author":1,"featured_media":0,"parent":1077,"menu_order":0,"comment_status":"closed","ping_status":"closed","template":"elementor_header_footer","meta":{"site-sidebar-layout":"no-sidebar","site-content-layout":"page-builder","ast-site-content-layout":"default","site-content-style":"default","site-sidebar-style":"default","ast-global-header-display":"","ast-banner-title-visibility":"","ast-main-header-display":"","ast-hfb-above-header-display":"","ast-hfb-below-header-display":"","ast-hfb-mobile-header-display":"","site-post-title":"disabled","ast-breadcrumbs-content":"","ast-featured-img":"disabled","footer-sml-layout":"","theme-transparent-header-meta":"default","adv-header-id-meta":"","stick-header-meta":"default","header-above-stick-meta":"","header-main-stick-meta":"","header-below-stick-meta":"","astra-migrate-meta-layouts":"default","ast-page-background-enabled":"default","ast-page-background-meta":{"desktop":{"background-color":"var(--ast-global-color-4)","background-image":"","background-repeat":"repeat","background-position":"center center","background-size":"auto","background-attachment":"scroll","background-type":"","background-media":"","overlay-type":"","overlay-color":"","overlay-opacity":"","overlay-gradient":""},"tablet":{"background-color":"","background-image":"","background-repeat":"repeat","background-position":"center center","background-size":"auto","background-attachment":"scroll","background-type":"","background-media":"","overlay-type":"","overlay-color":"","overlay-opacity":"","overlay-gradient":""},"mobile":{"background-color":"","background-image":"","background-repeat":"repeat","background-position":"center center","background-size":"auto","background-attachment":"scroll","background-type":"","background-media":"","overlay-type":"","overlay-color":"","overlay-opacity":"","overlay-gradient":""}},"ast-content-background-meta":{"desktop":{"background-color":"var(--ast-global-color-5)","background-image":"","background-repeat":"repeat","background-position":"center center","background-size":"auto","background-attachment":"scroll","background-type":"","background-media":"","overlay-type":"","overlay-color":"","overlay-opacity":"","overlay-gradient":""},"tablet":{"background-color":"var(--ast-global-color-5)","background-image":"","background-repeat":"repeat","background-position":"center center","background-size":"auto","background-attachment":"scroll","background-type":"","background-media":"","overlay-type":"","overlay-color":"","overlay-opacity":"","overlay-gradient":""},"mobile":{"background-color":"var(--ast-global-color-5)","background-image":"","background-repeat":"repeat","background-position":"center center","background-size":"auto","background-attachment":"scroll","background-type":"","background-media":"","overlay-type":"","overlay-color":"","overlay-opacity":"","overlay-gradient":""}},"footnotes":""},"class_list":["post-1109","page","type-page","status-publish","hentry"],"_links":{"self":[{"href":"https:\/\/hitekgroup.vn\/en\/wp-json\/wp\/v2\/pages\/1109","targetHints":{"allow":["GET"]}}],"collection":[{"href":"https:\/\/hitekgroup.vn\/en\/wp-json\/wp\/v2\/pages"}],"about":[{"href":"https:\/\/hitekgroup.vn\/en\/wp-json\/wp\/v2\/types\/page"}],"author":[{"embeddable":true,"href":"https:\/\/hitekgroup.vn\/en\/wp-json\/wp\/v2\/users\/1"}],"replies":[{"embeddable":true,"href":"https:\/\/hitekgroup.vn\/en\/wp-json\/wp\/v2\/comments?post=1109"}],"version-history":[{"count":0,"href":"https:\/\/hitekgroup.vn\/en\/wp-json\/wp\/v2\/pages\/1109\/revisions"}],"up":[{"embeddable":true,"href":"https:\/\/hitekgroup.vn\/en\/wp-json\/wp\/v2\/pages\/1077"}],"wp:attachment":[{"href":"https:\/\/hitekgroup.vn\/en\/wp-json\/wp\/v2\/media?parent=1109"}],"curies":[{"name":"wp","href":"https:\/\/api.w.org\/{rel}","templated":true}]}}