{"id":1016,"date":"2022-03-17T15:07:03","date_gmt":"2022-03-17T08:07:03","guid":{"rendered":"https:\/\/hitekgroup.vn\/?page_id=1016"},"modified":"2026-01-26T10:49:38","modified_gmt":"2026-01-26T03:49:38","slug":"phan-mem","status":"publish","type":"page","link":"https:\/\/hitekgroup.vn\/en\/linh-vuc-hoat-dong\/phan-mem\/","title":{"rendered":"SOFTWARE"},"content":{"rendered":"<div data-elementor-type=\"wp-page\" data-elementor-id=\"1016\" class=\"elementor elementor-1016\" data-elementor-post-type=\"page\">\n\t\t\t\t\t\t<section class=\"elementor-section elementor-top-section elementor-element elementor-element-b042f2f elementor-section-full_width elementor-section-height-default elementor-section-height-default\" data-id=\"b042f2f\" data-element_type=\"section\" data-settings=\"{&quot;jet_parallax_layout_list&quot;:[]}\">\n\t\t\t\t\t\t<div class=\"elementor-container elementor-column-gap-no\">\n\t\t\t\t\t<div class=\"elementor-column elementor-col-100 elementor-top-column elementor-element elementor-element-9e90f30\" data-id=\"9e90f30\" data-element_type=\"column\">\n\t\t\t<div class=\"elementor-widget-wrap elementor-element-populated\">\n\t\t\t\t\t\t<div class=\"elementor-element elementor-element-74ad531 elementor-widget elementor-widget-image\" data-id=\"74ad531\" data-element_type=\"widget\" data-widget_type=\"image.default\">\n\t\t\t\t<div class=\"elementor-widget-container\">\n\t\t\t\t\t\t\t\t\t\t\t\t\t\t\t<img fetchpriority=\"high\" decoding=\"async\" width=\"2560\" height=\"1709\" src=\"https:\/\/hitekgroup.vn\/wp-content\/uploads\/2022\/03\/close-up-hand-holding-smartphone-scaled.jpg\" class=\"attachment-full size-full wp-image-923\" alt=\"\" srcset=\"https:\/\/hitekgroup.vn\/wp-content\/uploads\/2022\/03\/close-up-hand-holding-smartphone-scaled.jpg 2560w, https:\/\/hitekgroup.vn\/wp-content\/uploads\/2022\/03\/close-up-hand-holding-smartphone-300x200.jpg 300w, https:\/\/hitekgroup.vn\/wp-content\/uploads\/2022\/03\/close-up-hand-holding-smartphone-1024x683.jpg 1024w, https:\/\/hitekgroup.vn\/wp-content\/uploads\/2022\/03\/close-up-hand-holding-smartphone-768x513.jpg 768w, https:\/\/hitekgroup.vn\/wp-content\/uploads\/2022\/03\/close-up-hand-holding-smartphone-1536x1025.jpg 1536w, https:\/\/hitekgroup.vn\/wp-content\/uploads\/2022\/03\/close-up-hand-holding-smartphone-2048x1367.jpg 2048w\" sizes=\"(max-width: 2560px) 100vw, 2560px\" \/>\t\t\t\t\t\t\t\t\t\t\t\t\t\t\t<\/div>\n\t\t\t\t<\/div>\n\t\t\t\t\t<\/div>\n\t\t<\/div>\n\t\t\t\t\t<\/div>\n\t\t<\/section>\n\t\t\t\t<section class=\"elementor-section elementor-top-section elementor-element elementor-element-6b90cc8 elementor-section-full_width elementor-section-height-default elementor-section-height-default\" data-id=\"6b90cc8\" data-element_type=\"section\" data-settings=\"{&quot;jet_parallax_layout_list&quot;:[]}\">\n\t\t\t\t\t\t<div class=\"elementor-container elementor-column-gap-default\">\n\t\t\t\t\t<div class=\"elementor-column elementor-col-100 elementor-top-column elementor-element elementor-element-7a64eca\" data-id=\"7a64eca\" data-element_type=\"column\">\n\t\t\t<div class=\"elementor-widget-wrap elementor-element-populated\">\n\t\t\t\t\t\t<div class=\"elementor-element elementor-element-7116520 elementor-widget elementor-widget-heading\" data-id=\"7116520\" data-element_type=\"widget\" data-widget_type=\"heading.default\">\n\t\t\t\t<div class=\"elementor-widget-container\">\n\t\t\t\t\t<h2 class=\"elementor-heading-title elementor-size-default\">\nSoftware<\/h2>\t\t\t\t<\/div>\n\t\t\t\t<\/div>\n\t\t\t\t\t<\/div>\n\t\t<\/div>\n\t\t\t\t\t<\/div>\n\t\t<\/section>\n\t\t\t\t<section class=\"elementor-section elementor-top-section elementor-element elementor-element-b97be47 elementor-section-full_width elementor-section-height-default elementor-section-height-default\" data-id=\"b97be47\" data-element_type=\"section\" data-settings=\"{&quot;jet_parallax_layout_list&quot;:[],&quot;background_background&quot;:&quot;classic&quot;}\">\n\t\t\t\t\t\t<div class=\"elementor-container elementor-column-gap-no\">\n\t\t\t\t\t<div class=\"elementor-column elementor-col-100 elementor-top-column elementor-element elementor-element-a3dc099\" data-id=\"a3dc099\" data-element_type=\"column\">\n\t\t\t<div class=\"elementor-widget-wrap elementor-element-populated\">\n\t\t\t\t\t\t<section class=\"elementor-section elementor-inner-section elementor-element elementor-element-aa71ffc elementor-section-full_width elementor-section-height-default elementor-section-height-default\" data-id=\"aa71ffc\" data-element_type=\"section\" data-settings=\"{&quot;jet_parallax_layout_list&quot;:[]}\">\n\t\t\t\t\t\t<div class=\"elementor-container elementor-column-gap-no\">\n\t\t\t\t\t<div class=\"elementor-column elementor-col-50 elementor-inner-column elementor-element elementor-element-521b4d3\" data-id=\"521b4d3\" data-element_type=\"column\">\n\t\t\t<div class=\"elementor-widget-wrap elementor-element-populated\">\n\t\t\t\t\t\t<div class=\"elementor-element elementor-element-8c84eda elementor-widget elementor-widget-image\" data-id=\"8c84eda\" data-element_type=\"widget\" data-widget_type=\"image.default\">\n\t\t\t\t<div class=\"elementor-widget-container\">\n\t\t\t\t\t\t\t\t\t\t\t\t\t\t\t<img decoding=\"async\" width=\"1024\" height=\"683\" src=\"https:\/\/hitekgroup.vn\/wp-content\/uploads\/2022\/03\/close-up-hand-holding-clipboard-1024x683.jpg\" class=\"attachment-large size-large wp-image-936\" alt=\"\" srcset=\"https:\/\/hitekgroup.vn\/wp-content\/uploads\/2022\/03\/close-up-hand-holding-clipboard-1024x683.jpg 1024w, https:\/\/hitekgroup.vn\/wp-content\/uploads\/2022\/03\/close-up-hand-holding-clipboard-300x200.jpg 300w, https:\/\/hitekgroup.vn\/wp-content\/uploads\/2022\/03\/close-up-hand-holding-clipboard-768x513.jpg 768w, https:\/\/hitekgroup.vn\/wp-content\/uploads\/2022\/03\/close-up-hand-holding-clipboard-1536x1025.jpg 1536w, https:\/\/hitekgroup.vn\/wp-content\/uploads\/2022\/03\/close-up-hand-holding-clipboard-2048x1367.jpg 2048w\" sizes=\"(max-width: 1024px) 100vw, 1024px\" \/>\t\t\t\t\t\t\t\t\t\t\t\t\t\t\t<\/div>\n\t\t\t\t<\/div>\n\t\t\t\t\t<\/div>\n\t\t<\/div>\n\t\t\t\t<div class=\"elementor-column elementor-col-50 elementor-inner-column elementor-element elementor-element-beaac05 css_nam\" data-id=\"beaac05\" data-element_type=\"column\" data-settings=\"{&quot;background_background&quot;:&quot;classic&quot;}\">\n\t\t\t<div class=\"elementor-widget-wrap elementor-element-populated\">\n\t\t\t\t\t\t<div class=\"elementor-element elementor-element-ddbadbc elementor-widget elementor-widget-heading\" data-id=\"ddbadbc\" data-element_type=\"widget\" data-widget_type=\"heading.default\">\n\t\t\t\t<div class=\"elementor-widget-container\">\n\t\t\t\t\t<h2 class=\"elementor-heading-title elementor-size-default\">2017<\/h2>\t\t\t\t<\/div>\n\t\t\t\t<\/div>\n\t\t\t\t<div class=\"elementor-element elementor-element-2f21511 elementor-widget elementor-widget-heading\" data-id=\"2f21511\" data-element_type=\"widget\" data-widget_type=\"heading.default\">\n\t\t\t\t<div class=\"elementor-widget-container\">\n\t\t\t\t\t<h2 class=\"elementor-heading-title elementor-size-default\">TECHNOLOGY<\/h2>\t\t\t\t<\/div>\n\t\t\t\t<\/div>\n\t\t\t\t<div class=\"elementor-element elementor-element-f364035 elementor-widget elementor-widget-text-editor\" data-id=\"f364035\" data-element_type=\"widget\" data-widget_type=\"text-editor.default\">\n\t\t\t\t<div class=\"elementor-widget-container\">\n\t\t\t\t\t\t\t\t\t<p><span style=\"font-weight: 400;\">Starting from a small group of passionate developers dedicated to software research and development, the team\u2019s early projects achieved remarkable success, laying the foundation for the technological strength that Hitek possesses today.<\/span><\/p>\t\t\t\t\t\t\t\t<\/div>\n\t\t\t\t<\/div>\n\t\t\t\t\t<\/div>\n\t\t<\/div>\n\t\t\t\t\t<\/div>\n\t\t<\/section>\n\t\t\t\t\t<\/div>\n\t\t<\/div>\n\t\t\t\t\t<\/div>\n\t\t<\/section>\n\t\t\t\t<section class=\"elementor-section elementor-top-section elementor-element elementor-element-472c0b1 elementor-section-boxed elementor-section-height-default elementor-section-height-default\" data-id=\"472c0b1\" data-element_type=\"section\" data-settings=\"{&quot;jet_parallax_layout_list&quot;:[]}\">\n\t\t\t\t\t\t<div class=\"elementor-container elementor-column-gap-default\">\n\t\t\t\t\t<div class=\"elementor-column elementor-col-100 elementor-top-column elementor-element elementor-element-5d51714\" data-id=\"5d51714\" data-element_type=\"column\">\n\t\t\t<div class=\"elementor-widget-wrap elementor-element-populated\">\n\t\t\t\t\t\t<section class=\"elementor-section elementor-inner-section elementor-element elementor-element-8366a62 elementor-section-boxed elementor-section-height-default elementor-section-height-default\" data-id=\"8366a62\" data-element_type=\"section\" data-settings=\"{&quot;jet_parallax_layout_list&quot;:[]}\">\n\t\t\t\t\t\t<div class=\"elementor-container elementor-column-gap-default\">\n\t\t\t\t\t<div class=\"elementor-column elementor-col-50 elementor-inner-column elementor-element elementor-element-96f2111\" data-id=\"96f2111\" data-element_type=\"column\">\n\t\t\t<div class=\"elementor-widget-wrap elementor-element-populated\">\n\t\t\t\t\t\t<div class=\"elementor-element elementor-element-037625d elementor-widget elementor-widget-image\" data-id=\"037625d\" data-element_type=\"widget\" data-widget_type=\"image.default\">\n\t\t\t\t<div class=\"elementor-widget-container\">\n\t\t\t\t\t\t\t\t\t\t\t\t\t\t\t<img decoding=\"async\" width=\"768\" height=\"768\" src=\"https:\/\/hitekgroup.vn\/wp-content\/uploads\/2025\/10\/1-768x768.png\" class=\"attachment-medium_large size-medium_large wp-image-3446\" alt=\"https:\/\/hitekgroup.vn\/linh-vuc-hoat-dong\/phan-mem\/\" srcset=\"https:\/\/hitekgroup.vn\/wp-content\/uploads\/2025\/10\/1-768x768.png 768w, https:\/\/hitekgroup.vn\/wp-content\/uploads\/2025\/10\/1-300x300.png 300w, https:\/\/hitekgroup.vn\/wp-content\/uploads\/2025\/10\/1-1024x1024.png 1024w, https:\/\/hitekgroup.vn\/wp-content\/uploads\/2025\/10\/1-150x150.png 150w, https:\/\/hitekgroup.vn\/wp-content\/uploads\/2025\/10\/1.png 1080w\" sizes=\"(max-width: 768px) 100vw, 768px\" \/>\t\t\t\t\t\t\t\t\t\t\t\t\t\t\t<\/div>\n\t\t\t\t<\/div>\n\t\t\t\t\t<\/div>\n\t\t<\/div>\n\t\t\t\t<div class=\"elementor-column elementor-col-50 elementor-inner-column elementor-element elementor-element-04b2c8a\" data-id=\"04b2c8a\" data-element_type=\"column\">\n\t\t\t<div class=\"elementor-widget-wrap elementor-element-populated\">\n\t\t\t\t\t\t<div class=\"elementor-element elementor-element-dda003d elementor-widget elementor-widget-heading\" data-id=\"dda003d\" data-element_type=\"widget\" data-widget_type=\"heading.default\">\n\t\t\t\t<div class=\"elementor-widget-container\">\n\t\t\t\t\t<h2 class=\"elementor-heading-title elementor-size-default\">HITEK SOFTWARE<\/h2>\t\t\t\t<\/div>\n\t\t\t\t<\/div>\n\t\t\t\t<div class=\"elementor-element elementor-element-449a544 elementor-widget elementor-widget-heading\" data-id=\"449a544\" data-element_type=\"widget\" data-widget_type=\"heading.default\">\n\t\t\t\t<div class=\"elementor-widget-container\">\n\t\t\t\t\t<p class=\"elementor-heading-title elementor-size-default\"><a href=\"https:\/\/hitek.com.vn\/\" target=\"_blank\" rel=\"noopener\">Website: hitek.com.vn<\/a><\/p>\t\t\t\t<\/div>\n\t\t\t\t<\/div>\n\t\t\t\t<div class=\"elementor-element elementor-element-a1aa956 elementor-widget elementor-widget-text-editor\" data-id=\"a1aa956\" data-element_type=\"widget\" data-widget_type=\"text-editor.default\">\n\t\t\t\t<div class=\"elementor-widget-container\">\n\t\t\t\t\t\t\t\t\t<p><span style=\"font-weight: 400;\">Hitek Software provides software development and export services, focusing on two main areas: mobile application development and website development. With a vision to become a leading software company, Hitek continuously adopts the latest and most stable technologies. Proudly a Vietnamese enterprise, Hitek delivers top-quality software solutions that meet the highest standards while maintaining a highly competitive pricing framework \u2014 especially in international markets.<\/span><\/p>\t\t\t\t\t\t\t\t<\/div>\n\t\t\t\t<\/div>\n\t\t\t\t\t<\/div>\n\t\t<\/div>\n\t\t\t\t\t<\/div>\n\t\t<\/section>\n\t\t\t\t\t<\/div>\n\t\t<\/div>\n\t\t\t\t\t<\/div>\n\t\t<\/section>\n\t\t\t\t<section class=\"elementor-section elementor-top-section elementor-element elementor-element-e4356d6 elementor-section-boxed elementor-section-height-default elementor-section-height-default\" data-id=\"e4356d6\" data-element_type=\"section\" data-settings=\"{&quot;jet_parallax_layout_list&quot;:[],&quot;background_background&quot;:&quot;classic&quot;}\">\n\t\t\t\t\t\t<div class=\"elementor-container elementor-column-gap-default\">\n\t\t\t\t\t<div class=\"elementor-column elementor-col-100 elementor-top-column elementor-element elementor-element-1f19673\" data-id=\"1f19673\" data-element_type=\"column\">\n\t\t\t<div class=\"elementor-widget-wrap elementor-element-populated\">\n\t\t\t\t\t\t<section class=\"elementor-section elementor-inner-section elementor-element elementor-element-d818aa4 elementor-section-boxed elementor-section-height-default elementor-section-height-default\" data-id=\"d818aa4\" data-element_type=\"section\" data-settings=\"{&quot;jet_parallax_layout_list&quot;:[]}\">\n\t\t\t\t\t\t<div class=\"elementor-container elementor-column-gap-default\">\n\t\t\t\t\t<div class=\"elementor-column elementor-col-100 elementor-inner-column elementor-element elementor-element-fdf6e07\" data-id=\"fdf6e07\" data-element_type=\"column\">\n\t\t\t<div class=\"elementor-widget-wrap elementor-element-populated\">\n\t\t\t\t\t\t<div class=\"elementor-element elementor-element-92ef0be elementor-position-left chu-tim-hieu elementor-view-default elementor-mobile-position-top elementor-widget elementor-widget-icon-box\" data-id=\"92ef0be\" data-element_type=\"widget\" data-widget_type=\"icon-box.default\">\n\t\t\t\t<div class=\"elementor-widget-container\">\n\t\t\t\t\t\t\t<div class=\"elementor-icon-box-wrapper\">\n\n\t\t\t\t\t\t<div class=\"elementor-icon-box-icon\">\n\t\t\t\t<span  class=\"elementor-icon\">\n\t\t\t\t<i aria-hidden=\"true\" class=\"fas fa-sort-down\"><\/i>\t\t\t\t<\/span>\n\t\t\t<\/div>\n\t\t\t\n\t\t\t\t\t\t<div class=\"elementor-icon-box-content\">\n\n\t\t\t\t\t\t\t\t\t<h3 class=\"elementor-icon-box-title\">\n\t\t\t\t\t\t<span  >\n\t\t\t\t\t\t\tLearn more\t\t\t\t\t\t<\/span>\n\t\t\t\t\t<\/h3>\n\t\t\t\t\n\t\t\t\t\n\t\t\t<\/div>\n\t\t\t\n\t\t<\/div>\n\t\t\t\t\t\t<\/div>\n\t\t\t\t<\/div>\n\t\t\t\t\t<\/div>\n\t\t<\/div>\n\t\t\t\t\t<\/div>\n\t\t<\/section>\n\t\t\t\t<section class=\"elementor-section elementor-inner-section elementor-element elementor-element-d350950 elementor-section-boxed elementor-section-height-default elementor-section-height-default\" data-id=\"d350950\" data-element_type=\"section\" data-settings=\"{&quot;jet_parallax_layout_list&quot;:[]}\">\n\t\t\t\t\t\t<div class=\"elementor-container elementor-column-gap-default\">\n\t\t\t\t\t<div class=\"elementor-column elementor-col-100 elementor-inner-column elementor-element elementor-element-07e19a1\" data-id=\"07e19a1\" data-element_type=\"column\">\n\t\t\t<div class=\"elementor-widget-wrap elementor-element-populated\">\n\t\t\t\t\t\t<div class=\"elementor-element elementor-element-9464bfd css-vien elementor-widget elementor-widget-gallery\" data-id=\"9464bfd\" data-element_type=\"widget\" data-settings=\"{&quot;columns&quot;:9,&quot;columns_tablet&quot;:6,&quot;columns_mobile&quot;:3,&quot;gap&quot;:{&quot;unit&quot;:&quot;px&quot;,&quot;size&quot;:15,&quot;sizes&quot;:[]},&quot;gap_mobile&quot;:{&quot;unit&quot;:&quot;px&quot;,&quot;size&quot;:20,&quot;sizes&quot;:[]},&quot;gallery_layout&quot;:&quot;masonry&quot;,&quot;gap_tablet&quot;:{&quot;unit&quot;:&quot;px&quot;,&quot;size&quot;:10,&quot;sizes&quot;:[]},&quot;content_hover_animation&quot;:&quot;fade-in&quot;}\" data-widget_type=\"gallery.default\">\n\t\t\t\t<div class=\"elementor-widget-container\">\n\t\t\t\t\t\t\t<div class=\"elementor-gallery__container\">\n\t\t\t\t\t\t\t<div class=\"e-gallery-item elementor-gallery-item elementor-animated-content\">\n\t\t\t\t\t<div class=\"e-gallery-image elementor-gallery-item__image\" data-thumbnail=\"https:\/\/hitekgroup.vn\/wp-content\/uploads\/2025\/10\/2.png\" data-width=\"1080\" data-height=\"1080\" aria-label=\"https:\/\/hitekgroup.vn\/linh-vuc-hoat-dong\/trinh-dien-nghe-thuat\/\" role=\"img\" ><\/div>\n\t\t\t\t\t\t\t\t\t\t\t\t\t\t<\/div>\n\t\t\t\t\t\t\t<div class=\"e-gallery-item elementor-gallery-item elementor-animated-content\">\n\t\t\t\t\t<div class=\"e-gallery-image elementor-gallery-item__image\" data-thumbnail=\"https:\/\/hitekgroup.vn\/wp-content\/uploads\/2025\/10\/3.png\" data-width=\"1080\" data-height=\"1080\" aria-label=\"https:\/\/hitekgroup.vn\/linh-vuc-hoat-dong\/ha-tang-cong-nghe\/\" role=\"img\" ><\/div>\n\t\t\t\t\t\t\t\t\t\t\t\t\t\t<\/div>\n\t\t\t\t\t\t\t<div class=\"e-gallery-item elementor-gallery-item elementor-animated-content\">\n\t\t\t\t\t<div class=\"e-gallery-image elementor-gallery-item__image\" data-thumbnail=\"https:\/\/hitekgroup.vn\/wp-content\/uploads\/2025\/10\/5.png\" data-width=\"1080\" data-height=\"1080\" aria-label=\"https:\/\/hitekgroup.vn\/linh-vuc-hoat-dong\/dao-tao\/\" role=\"img\" ><\/div>\n\t\t\t\t\t\t\t\t\t\t\t\t\t\t<\/div>\n\t\t\t\t\t\t\t<div class=\"e-gallery-item elementor-gallery-item elementor-animated-content\">\n\t\t\t\t\t<div class=\"e-gallery-image elementor-gallery-item__image\" data-thumbnail=\"https:\/\/hitekgroup.vn\/wp-content\/uploads\/2025\/10\/4.png\" data-width=\"1080\" data-height=\"1080\" aria-label=\"https:\/\/hitekgroup.vn\/linh-vuc-hoat-dong\/tri-tue-nhan-tao\/\" role=\"img\" ><\/div>\n\t\t\t\t\t\t\t\t\t\t\t\t\t\t<\/div>\n\t\t\t\t\t\t\t<div class=\"e-gallery-item elementor-gallery-item elementor-animated-content\">\n\t\t\t\t\t<div class=\"e-gallery-image elementor-gallery-item__image\" data-thumbnail=\"https:\/\/hitekgroup.vn\/wp-content\/uploads\/2025\/10\/6.png\" data-width=\"1080\" data-height=\"1080\" aria-label=\"https:\/\/hitekgroup.vn\/linh-vuc-hoat-dong\/thuong-mai-dien-tu\/\" role=\"img\" ><\/div>\n\t\t\t\t\t\t\t\t\t\t\t\t\t\t<\/div>\n\t\t\t\t\t<\/div>\n\t\t\t\t\t<\/div>\n\t\t\t\t<\/div>\n\t\t\t\t\t<\/div>\n\t\t<\/div>\n\t\t\t\t\t<\/div>\n\t\t<\/section>\n\t\t\t\t\t<\/div>\n\t\t<\/div>\n\t\t\t\t\t<\/div>\n\t\t<\/section>\n\t\t\t\t<\/div>","protected":false},"excerpt":{"rendered":"<p>Ph\u1ea7n M\u1ec1m 2017 C\u00d4NG NGH\u1ec6 B\u1eaft \u0111\u1ea7u t\u1eeb m\u1ed9t \u0111\u1ed9i ng\u0169 l\u1eadp tr\u00ecnh vi\u00ean nh\u1ecf nh\u01b0ng \u0111am m\u00ea nghi\u00ean c\u1ee9u v\u00e0 ph\u00e1t tri\u1ec3n ph\u1ea7n m\u1ec1m. C\u00e1c d\u1ef1 \u00e1n s\u1ea3n xu\u1ea5t ph\u1ea7n m\u1ec1m \u0111\u1ea7u tay v\u00f4 c\u00f9ng th\u00e0nh c\u00f4ng \u0111\u00e3 t\u1ea1o n\u00ean ti\u1ec1n \u0111\u1ec1 cho C\u00f4ng ngh\u1ec7 Hitek c\u00f3 \u0111\u01b0\u1ee3c ng\u00e0y h\u00f4m nay. HITEK SOFTWARE Website: [&hellip;]<\/p>","protected":false},"author":1,"featured_media":0,"parent":3434,"menu_order":0,"comment_status":"closed","ping_status":"closed","template":"elementor_header_footer","meta":{"site-sidebar-layout":"no-sidebar","site-content-layout":"page-builder","ast-site-content-layout":"default","site-content-style":"default","site-sidebar-style":"default","ast-global-header-display":"","ast-banner-title-visibility":"","ast-main-header-display":"","ast-hfb-above-header-display":"","ast-hfb-below-header-display":"","ast-hfb-mobile-header-display":"","site-post-title":"disabled","ast-breadcrumbs-content":"","ast-featured-img":"disabled","footer-sml-layout":"","theme-transparent-header-meta":"default","adv-header-id-meta":"","stick-header-meta":"default","header-above-stick-meta":"","header-main-stick-meta":"","header-below-stick-meta":"","astra-migrate-meta-layouts":"default","ast-page-background-enabled":"default","ast-page-background-meta":{"desktop":{"background-color":"var(--ast-global-color-4)","background-image":"","background-repeat":"repeat","background-position":"center center","background-size":"auto","background-attachment":"scroll","background-type":"","background-media":"","overlay-type":"","overlay-color":"","overlay-opacity":"","overlay-gradient":""},"tablet":{"background-color":"","background-image":"","background-repeat":"repeat","background-position":"center center","background-size":"auto","background-attachment":"scroll","background-type":"","background-media":"","overlay-type":"","overlay-color":"","overlay-opacity":"","overlay-gradient":""},"mobile":{"background-color":"","background-image":"","background-repeat":"repeat","background-position":"center center","background-size":"auto","background-attachment":"scroll","background-type":"","background-media":"","overlay-type":"","overlay-color":"","overlay-opacity":"","overlay-gradient":""}},"ast-content-background-meta":{"desktop":{"background-color":"var(--ast-global-color-5)","background-image":"","background-repeat":"repeat","background-position":"center center","background-size":"auto","background-attachment":"scroll","background-type":"","background-media":"","overlay-type":"","overlay-color":"","overlay-opacity":"","overlay-gradient":""},"tablet":{"background-color":"var(--ast-global-color-5)","background-image":"","background-repeat":"repeat","background-position":"center center","background-size":"auto","background-attachment":"scroll","background-type":"","background-media":"","overlay-type":"","overlay-color":"","overlay-opacity":"","overlay-gradient":""},"mobile":{"background-color":"var(--ast-global-color-5)","background-image":"","background-repeat":"repeat","background-position":"center center","background-size":"auto","background-attachment":"scroll","background-type":"","background-media":"","overlay-type":"","overlay-color":"","overlay-opacity":"","overlay-gradient":""}},"footnotes":""},"class_list":["post-1016","page","type-page","status-publish","hentry"],"_links":{"self":[{"href":"https:\/\/hitekgroup.vn\/en\/wp-json\/wp\/v2\/pages\/1016","targetHints":{"allow":["GET"]}}],"collection":[{"href":"https:\/\/hitekgroup.vn\/en\/wp-json\/wp\/v2\/pages"}],"about":[{"href":"https:\/\/hitekgroup.vn\/en\/wp-json\/wp\/v2\/types\/page"}],"author":[{"embeddable":true,"href":"https:\/\/hitekgroup.vn\/en\/wp-json\/wp\/v2\/users\/1"}],"replies":[{"embeddable":true,"href":"https:\/\/hitekgroup.vn\/en\/wp-json\/wp\/v2\/comments?post=1016"}],"version-history":[{"count":3,"href":"https:\/\/hitekgroup.vn\/en\/wp-json\/wp\/v2\/pages\/1016\/revisions"}],"predecessor-version":[{"id":4391,"href":"https:\/\/hitekgroup.vn\/en\/wp-json\/wp\/v2\/pages\/1016\/revisions\/4391"}],"up":[{"embeddable":true,"href":"https:\/\/hitekgroup.vn\/en\/wp-json\/wp\/v2\/pages\/3434"}],"wp:attachment":[{"href":"https:\/\/hitekgroup.vn\/en\/wp-json\/wp\/v2\/media?parent=1016"}],"curies":[{"name":"wp","href":"https:\/\/api.w.org\/{rel}","templated":true}]}}